{"id":1546,"date":"2024-03-25T08:47:19","date_gmt":"2024-03-25T07:47:19","guid":{"rendered":"https:\/\/www.janisch-insektenschutz.de\/aufbau\/wordpress\/wordpress\/?page_id=1546"},"modified":"2024-03-25T08:47:29","modified_gmt":"2024-03-25T07:47:29","slug":"meerbusch","status":"publish","type":"page","link":"https:\/\/www.janisch-insektenschutz.de\/index.php\/meerbusch\/","title":{"rendered":"Meerbusch"},"content":{"rendered":"\t\t<div data-elementor-type=\"wp-page\" data-elementor-id=\"1546\" class=\"elementor elementor-1546\">\n\t\t\t\t<div class=\"elementor-element elementor-element-e364f2f e-flex e-con-boxed e-con e-parent\" data-id=\"e364f2f\" data-element_type=\"container\" data-e-type=\"container\">\n\t\t\t\t\t<div class=\"e-con-inner\">\n\t\t\t\t<div class=\"elementor-element elementor-element-d2d0d0d elementor-widget elementor-widget-text-editor\" data-id=\"d2d0d0d\" data-element_type=\"widget\" data-e-type=\"widget\" data-widget_type=\"text-editor.default\">\n\t\t\t\t<div class=\"elementor-widget-container\">\n\t\t\t\t\t\t\t\t\t<p class=\"H1\">Fliegengitter &amp; Lichtschacht-Abdeckungen<br \/>f\u00fcr Sie in Meerbusch\u00a0<strong>unterwegs.<\/strong><\/p><p class=\"Stil1\" align=\"left\"><span class=\"fliestext\">Das sch\u00f6ne Meerbusch, war seit eh und je eine Stadt der Natur. Viele B\u00e4ume, Felder und eine wundersch\u00f6ne Landschaft. Das sind keine guten Vorraussetzungungen f\u00fcr Allergiker! Wenn die Natur zum Feind wird, f\u00fchlt man sich nur noch in der eigenen Wohnung wohl. Doch sicher ist man dort nat\u00fcrlich nicht, vor den winizigen Eindringlingen! So war es bisher. Ich biete Ihnen Insektenschutzgitter mit verschiedensten Gewebearten an &#8211; so zum Beispiel mit Polltec(tm)! Das engmaschige Gewebe, l\u00e4sst viel Licht und Luft in ihr Haus, h\u00e4lt aber zuverl\u00e4ssig die Pollen da wo Sie hin geh\u00f6ren &#8211; draussen!<\/span><\/p><p class=\"Stil1\" align=\"left\"><span class=\"fliestext\">Ich hei\u00dfe Sie herzlich willkommen auf www.janisch-insektenschutz. Ich bin Ihr Fachmann rund um das Thema<\/span><span class=\"fliestextbold\">\u00a0Insektenschutz, Fliegengitter, und Lichtschachtabdeckungen<\/span><span class=\"fliestext\">\u00a0f\u00fcr Ihr zu Hause! Die Produkte auf meiner Seite werden speziell f\u00fcr Sie, nach professionellem Aufma\u00df, hergestellt und durch mich montiert. Sie k\u00f6nnen sich sicher sein, dass<\/span><span class=\"fliestextbold\">\u00a0Qualit\u00e4t, ein fairer Preis und Kundenzufriedenheit\u00a0<\/span><span class=\"fliestext\">f\u00fcr mich genauso wichtig sind, wie f\u00fcr Sie ein sch\u00f6nes und (Insekten)sicheres zu Hause. Rufen Sie mich an und ich berate Sie gerne.<br \/><br \/><\/span><span class=\"fliestextbold\">Ihr Frank Janisch<\/span><span class=\"fliestext\"><br \/><br \/><\/span><span class=\"fliestextbold\">Neben Meerbusch komme ich nat\u00fcrlich auch zu Ihnen nach:<\/span><span class=\"fliestext\"><br \/>Kempen, Krefeld, M\u00f6nchengladbach, Meerbusch, D\u00fcsseldorf, Neuss, Dormagen, K\u00f6ln, Kerpen, D\u00fcren, J\u00fclich, Geilenkirchen, Heinsberg, Br\u00fcggen, Viersen, J\u00fcchen, Duisburg und Umgebung!<\/span><\/p>\t\t\t\t\t\t\t\t<\/div>\n\t\t\t\t<\/div>\n\t\t\t\t\t<\/div>\n\t\t\t\t<\/div>\n\t\t\t\t<\/div>\n\t\t","protected":false},"excerpt":{"rendered":"<p>Fliegengitter &amp; Lichtschacht-Abdeckungenf\u00fcr Sie in Meerbusch\u00a0unterwegs. Das sch\u00f6ne Meerbusch, war seit eh und je eine Stadt der Natur. Viele B\u00e4ume, Felder und eine wundersch\u00f6ne Landschaft. Das sind keine guten Vorraussetzungungen f\u00fcr Allergiker! Wenn die Natur zum Feind wird, f\u00fchlt man sich nur noch in der eigenen Wohnung wohl. Doch sicher ist man dort nat\u00fcrlich nicht,&hellip; <br \/> <a class=\"read-more\" href=\"https:\/\/www.janisch-insektenschutz.de\/index.php\/meerbusch\/\">Weiterlesen<\/a><\/p>\n","protected":false},"author":1,"featured_media":0,"parent":0,"menu_order":0,"comment_status":"closed","ping_status":"closed","template":"","meta":{"footnotes":""},"class_list":["post-1546","page","type-page","status-publish","hentry"],"yoast_head":"<!-- This site is optimized with the Yoast SEO plugin v27.4 - https:\/\/yoast.com\/product\/yoast-seo-wordpress\/ -->\n<title>Janisch Insektenschutz Meerbusch<\/title>\n<meta name=\"description\" content=\"F\u00fcr alle umweltfreundlichen Insektenschutzfragen sowie Gegebenheiten biete ich Ihnen den perfekten Insektenschutz nach Ma\u00df.\" \/>\n<meta name=\"robots\" content=\"index, follow, max-snippet:-1, max-image-preview:large, max-video-preview:-1\" \/>\n<link rel=\"canonical\" href=\"https:\/\/www.janisch-insektenschutz.de\/index.php\/meerbusch\/\" \/>\n<meta property=\"og:locale\" content=\"de_DE\" \/>\n<meta property=\"og:type\" content=\"article\" \/>\n<meta property=\"og:title\" content=\"Janisch Insektenschutz Meerbusch\" \/>\n<meta property=\"og:description\" content=\"F\u00fcr alle umweltfreundlichen Insektenschutzfragen sowie Gegebenheiten biete ich Ihnen den perfekten Insektenschutz nach Ma\u00df.\" \/>\n<meta property=\"og:url\" content=\"https:\/\/www.janisch-insektenschutz.de\/index.php\/meerbusch\/\" \/>\n<meta property=\"og:site_name\" content=\"Janisch Insektenschutz J\u00fcchen\" \/>\n<meta property=\"article:modified_time\" content=\"2024-03-25T07:47:29+00:00\" \/>\n<meta property=\"og:image\" content=\"https:\/\/www.janisch-insektenschutz.de\/wp-content\/uploads\/2024\/03\/Janisch_Logo.png\" \/>\n\t<meta property=\"og:image:width\" content=\"650\" \/>\n\t<meta property=\"og:image:height\" content=\"150\" \/>\n\t<meta property=\"og:image:type\" content=\"image\/png\" \/>\n<meta name=\"twitter:card\" content=\"summary_large_image\" \/>\n<meta name=\"twitter:label1\" content=\"Gesch\u00e4tzte Lesezeit\" \/>\n\t<meta name=\"twitter:data1\" content=\"1\u00a0Minute\" \/>\n<script type=\"application\/ld+json\" class=\"yoast-schema-graph\">{\"@context\":\"https:\\\/\\\/schema.org\",\"@graph\":[{\"@type\":\"WebPage\",\"@id\":\"https:\\\/\\\/www.janisch-insektenschutz.de\\\/index.php\\\/meerbusch\\\/\",\"url\":\"https:\\\/\\\/www.janisch-insektenschutz.de\\\/index.php\\\/meerbusch\\\/\",\"name\":\"Janisch Insektenschutz Meerbusch\",\"isPartOf\":{\"@id\":\"\\\/#website\"},\"datePublished\":\"2024-03-25T07:47:19+00:00\",\"dateModified\":\"2024-03-25T07:47:29+00:00\",\"description\":\"F\u00fcr alle umweltfreundlichen Insektenschutzfragen sowie Gegebenheiten biete ich Ihnen den perfekten Insektenschutz nach Ma\u00df.\",\"breadcrumb\":{\"@id\":\"https:\\\/\\\/www.janisch-insektenschutz.de\\\/index.php\\\/meerbusch\\\/#breadcrumb\"},\"inLanguage\":\"de\",\"potentialAction\":[{\"@type\":\"ReadAction\",\"target\":[\"https:\\\/\\\/www.janisch-insektenschutz.de\\\/index.php\\\/meerbusch\\\/\"]}]},{\"@type\":\"BreadcrumbList\",\"@id\":\"https:\\\/\\\/www.janisch-insektenschutz.de\\\/index.php\\\/meerbusch\\\/#breadcrumb\",\"itemListElement\":[{\"@type\":\"ListItem\",\"position\":1,\"name\":\"Startseite\",\"item\":\"https:\\\/\\\/www.janisch-insektenschutz.de\\\/\"},{\"@type\":\"ListItem\",\"position\":2,\"name\":\"Meerbusch\"}]},{\"@type\":\"WebSite\",\"@id\":\"\\\/#website\",\"url\":\"\\\/\",\"name\":\"Janisch Insektenschutz J\u00fcchen\",\"description\":\"Insektenschutz nach Ma\u00df\",\"publisher\":{\"@id\":\"\\\/#organization\"},\"potentialAction\":[{\"@type\":\"SearchAction\",\"target\":{\"@type\":\"EntryPoint\",\"urlTemplate\":\"\\\/?s={search_term_string}\"},\"query-input\":{\"@type\":\"PropertyValueSpecification\",\"valueRequired\":true,\"valueName\":\"search_term_string\"}}],\"inLanguage\":\"de\"},{\"@type\":\"Organization\",\"@id\":\"\\\/#organization\",\"name\":\"Janisch Insektenschutz J\u00fcchen\",\"url\":\"\\\/\",\"logo\":{\"@type\":\"ImageObject\",\"inLanguage\":\"de\",\"@id\":\"\\\/#\\\/schema\\\/logo\\\/image\\\/\",\"url\":\"https:\\\/\\\/www.janisch-insektenschutz.de\\\/wp-content\\\/uploads\\\/2024\\\/03\\\/Janisch_Logo.png\",\"contentUrl\":\"https:\\\/\\\/www.janisch-insektenschutz.de\\\/wp-content\\\/uploads\\\/2024\\\/03\\\/Janisch_Logo.png\",\"width\":650,\"height\":150,\"caption\":\"Janisch Insektenschutz J\u00fcchen\"},\"image\":{\"@id\":\"\\\/#\\\/schema\\\/logo\\\/image\\\/\"}}]}<\/script>\n<!-- \/ Yoast SEO plugin. -->","yoast_head_json":{"title":"Janisch Insektenschutz Meerbusch","description":"F\u00fcr alle umweltfreundlichen Insektenschutzfragen sowie Gegebenheiten biete ich Ihnen den perfekten Insektenschutz nach Ma\u00df.","robots":{"index":"index","follow":"follow","max-snippet":"max-snippet:-1","max-image-preview":"max-image-preview:large","max-video-preview":"max-video-preview:-1"},"canonical":"https:\/\/www.janisch-insektenschutz.de\/index.php\/meerbusch\/","og_locale":"de_DE","og_type":"article","og_title":"Janisch Insektenschutz Meerbusch","og_description":"F\u00fcr alle umweltfreundlichen Insektenschutzfragen sowie Gegebenheiten biete ich Ihnen den perfekten Insektenschutz nach Ma\u00df.","og_url":"https:\/\/www.janisch-insektenschutz.de\/index.php\/meerbusch\/","og_site_name":"Janisch Insektenschutz J\u00fcchen","article_modified_time":"2024-03-25T07:47:29+00:00","og_image":[{"width":650,"height":150,"url":"https:\/\/www.janisch-insektenschutz.de\/wp-content\/uploads\/2024\/03\/Janisch_Logo.png","type":"image\/png"}],"twitter_card":"summary_large_image","twitter_misc":{"Gesch\u00e4tzte Lesezeit":"1\u00a0Minute"},"schema":{"@context":"https:\/\/schema.org","@graph":[{"@type":"WebPage","@id":"https:\/\/www.janisch-insektenschutz.de\/index.php\/meerbusch\/","url":"https:\/\/www.janisch-insektenschutz.de\/index.php\/meerbusch\/","name":"Janisch Insektenschutz Meerbusch","isPartOf":{"@id":"\/#website"},"datePublished":"2024-03-25T07:47:19+00:00","dateModified":"2024-03-25T07:47:29+00:00","description":"F\u00fcr alle umweltfreundlichen Insektenschutzfragen sowie Gegebenheiten biete ich Ihnen den perfekten Insektenschutz nach Ma\u00df.","breadcrumb":{"@id":"https:\/\/www.janisch-insektenschutz.de\/index.php\/meerbusch\/#breadcrumb"},"inLanguage":"de","potentialAction":[{"@type":"ReadAction","target":["https:\/\/www.janisch-insektenschutz.de\/index.php\/meerbusch\/"]}]},{"@type":"BreadcrumbList","@id":"https:\/\/www.janisch-insektenschutz.de\/index.php\/meerbusch\/#breadcrumb","itemListElement":[{"@type":"ListItem","position":1,"name":"Startseite","item":"https:\/\/www.janisch-insektenschutz.de\/"},{"@type":"ListItem","position":2,"name":"Meerbusch"}]},{"@type":"WebSite","@id":"\/#website","url":"\/","name":"Janisch Insektenschutz J\u00fcchen","description":"Insektenschutz nach Ma\u00df","publisher":{"@id":"\/#organization"},"potentialAction":[{"@type":"SearchAction","target":{"@type":"EntryPoint","urlTemplate":"\/?s={search_term_string}"},"query-input":{"@type":"PropertyValueSpecification","valueRequired":true,"valueName":"search_term_string"}}],"inLanguage":"de"},{"@type":"Organization","@id":"\/#organization","name":"Janisch Insektenschutz J\u00fcchen","url":"\/","logo":{"@type":"ImageObject","inLanguage":"de","@id":"\/#\/schema\/logo\/image\/","url":"https:\/\/www.janisch-insektenschutz.de\/wp-content\/uploads\/2024\/03\/Janisch_Logo.png","contentUrl":"https:\/\/www.janisch-insektenschutz.de\/wp-content\/uploads\/2024\/03\/Janisch_Logo.png","width":650,"height":150,"caption":"Janisch Insektenschutz J\u00fcchen"},"image":{"@id":"\/#\/schema\/logo\/image\/"}}]}},"_links":{"self":[{"href":"https:\/\/www.janisch-insektenschutz.de\/index.php\/wp-json\/wp\/v2\/pages\/1546","targetHints":{"allow":["GET"]}}],"collection":[{"href":"https:\/\/www.janisch-insektenschutz.de\/index.php\/wp-json\/wp\/v2\/pages"}],"about":[{"href":"https:\/\/www.janisch-insektenschutz.de\/index.php\/wp-json\/wp\/v2\/types\/page"}],"author":[{"embeddable":true,"href":"https:\/\/www.janisch-insektenschutz.de\/index.php\/wp-json\/wp\/v2\/users\/1"}],"replies":[{"embeddable":true,"href":"https:\/\/www.janisch-insektenschutz.de\/index.php\/wp-json\/wp\/v2\/comments?post=1546"}],"version-history":[{"count":4,"href":"https:\/\/www.janisch-insektenschutz.de\/index.php\/wp-json\/wp\/v2\/pages\/1546\/revisions"}],"predecessor-version":[{"id":1550,"href":"https:\/\/www.janisch-insektenschutz.de\/index.php\/wp-json\/wp\/v2\/pages\/1546\/revisions\/1550"}],"wp:attachment":[{"href":"https:\/\/www.janisch-insektenschutz.de\/index.php\/wp-json\/wp\/v2\/media?parent=1546"}],"curies":[{"name":"wp","href":"https:\/\/api.w.org\/{rel}","templated":true}]}}