{"id":1591,"date":"2024-03-25T08:52:03","date_gmt":"2024-03-25T07:52:03","guid":{"rendered":"https:\/\/www.janisch-insektenschutz.de\/aufbau\/wordpress\/wordpress\/?page_id=1591"},"modified":"2024-03-25T09:17:53","modified_gmt":"2024-03-25T08:17:53","slug":"dueren","status":"publish","type":"page","link":"https:\/\/www.janisch-insektenschutz.de\/index.php\/dueren\/","title":{"rendered":"D\u00fcren"},"content":{"rendered":"\t\t<div data-elementor-type=\"wp-page\" data-elementor-id=\"1591\" class=\"elementor elementor-1591\">\n\t\t\t\t<div class=\"elementor-element elementor-element-9d51805 e-flex e-con-boxed e-con e-parent\" data-id=\"9d51805\" data-element_type=\"container\" data-e-type=\"container\">\n\t\t\t\t\t<div class=\"e-con-inner\">\n\t\t\t\t<div class=\"elementor-element elementor-element-5340f25 elementor-widget elementor-widget-text-editor\" data-id=\"5340f25\" data-element_type=\"widget\" data-e-type=\"widget\" data-widget_type=\"text-editor.default\">\n\t\t\t\t<div class=\"elementor-widget-container\">\n\t\t\t\t\t\t\t\t\t<p class=\"H1\">Fliegengitterfenster &amp; Kellerfensterschutz<strong><br \/>gegen Ungeziefer f\u00fcr Sie in D\u00fcren unterwegs.<\/strong><\/p><p class=\"Stil2\" align=\"left\"><span class=\"fliestext\">D\u00fcren hat in etwa 90.000 Einwohner &#8211; das ist jetzt nichts verwunderlich, aber wussten Sie, dass von den 1,5 Millionen Tierarten auf der Erde in etwa 90.000 Insektenarten gibt\u00a0<\/span><span class=\"klein\">(Quelle:http:\/\/www.boehme-floeha.de)<\/span><span class=\"fliestext\">? Wahnsinn, oder? Das hei\u00dft es gibt f\u00fcr jeden d\u00fcrener Einwohner eine gesamte Insektenart. Aber keine Angst &#8211; diese gibt es nat\u00fcrlich nicht alle in Deutschland. Trotzdem gibt es hier auch reichlich nervige Vertreter &#8211; und die m\u00f6chten wir ungern in unserem Haus haben!<\/span><\/p><p class=\"Stil1\" align=\"left\"><span class=\"fliestext\">Ich hei\u00dfe Sie herzlich willkommen auf www.janisch-insektenschutz. Ich bin Ihr Fachmann rund um das Thema Insektenschutz, Fliegengitter, und Lichtschachtabdeckungen f\u00fcr Ihr zu Hause! Die Produkte auf meiner Seite werden speziell f\u00fcr Sie, nach professionellem Aufma\u00df, hergestellt und durch mich montiert. Sie k\u00f6nnen sich sicher sein, dass<\/span><span class=\"fliestextbold\">\u00a0Qualit\u00e4t, ein fairer Preis und Kundenzufriedenheit\u00a0<\/span><span class=\"fliestext\">f\u00fcr mich genauso wichtig sind, wie f\u00fcr Sie ein sch\u00f6nes und (Insekten)sicheres zu Hause. Rufen Sie mich an und ich berate Sie gerne.<br \/><br \/><\/span><span class=\"fliestextbold\">Ihr Frank Janisch<\/span><span class=\"fliestext\"><br \/><br \/><\/span><span class=\"fliestextbold\">Neben D\u00fcren komme ich nat\u00fcrlich auch zu Ihnen nach:<\/span><span class=\"fliestext\"><br \/>Kempen, Krefeld, M\u00f6nchengladbach, Meerbusch, D\u00fcsseldorf, Neuss, Dormagen, K\u00f6ln, Kerpen, D\u00fcren, J\u00fclich, Geilenkirchen, Heinsberg, Br\u00fcggen, Viersen, J\u00fcchen, Duisburg und Umgebung!<\/span><\/p>\t\t\t\t\t\t\t\t<\/div>\n\t\t\t\t<\/div>\n\t\t\t\t\t<\/div>\n\t\t\t\t<\/div>\n\t\t\t\t<\/div>\n\t\t","protected":false},"excerpt":{"rendered":"<p>Fliegengitterfenster &amp; Kellerfensterschutzgegen Ungeziefer f\u00fcr Sie in D\u00fcren unterwegs. D\u00fcren hat in etwa 90.000 Einwohner &#8211; das ist jetzt nichts verwunderlich, aber wussten Sie, dass von den 1,5 Millionen Tierarten auf der Erde in etwa 90.000 Insektenarten gibt\u00a0(Quelle:http:\/\/www.boehme-floeha.de)? Wahnsinn, oder? Das hei\u00dft es gibt f\u00fcr jeden d\u00fcrener Einwohner eine gesamte Insektenart. Aber keine Angst &#8211;&hellip; <br \/> <a class=\"read-more\" href=\"https:\/\/www.janisch-insektenschutz.de\/index.php\/dueren\/\">Weiterlesen<\/a><\/p>\n","protected":false},"author":1,"featured_media":0,"parent":0,"menu_order":0,"comment_status":"closed","ping_status":"closed","template":"","meta":{"footnotes":""},"class_list":["post-1591","page","type-page","status-publish","hentry"],"yoast_head":"<!-- This site is optimized with the Yoast SEO plugin v27.5 - https:\/\/yoast.com\/product\/yoast-seo-wordpress\/ -->\n<title>Janisch Insektenschutz D\u00fcren<\/title>\n<meta name=\"description\" content=\"F\u00fcr alle umweltfreundlichen Insektenschutzfragen sowie Gegebenheiten biete ich Ihnen den perfekten Insektenschutz nach Ma\u00df.\" \/>\n<meta name=\"robots\" content=\"index, follow, max-snippet:-1, max-image-preview:large, max-video-preview:-1\" \/>\n<link rel=\"canonical\" href=\"https:\/\/www.janisch-insektenschutz.de\/index.php\/dueren\/\" \/>\n<meta property=\"og:locale\" content=\"de_DE\" \/>\n<meta property=\"og:type\" content=\"article\" \/>\n<meta property=\"og:title\" content=\"Janisch Insektenschutz D\u00fcren\" \/>\n<meta property=\"og:description\" content=\"F\u00fcr alle umweltfreundlichen Insektenschutzfragen sowie Gegebenheiten biete ich Ihnen den perfekten Insektenschutz nach Ma\u00df.\" \/>\n<meta property=\"og:url\" content=\"https:\/\/www.janisch-insektenschutz.de\/index.php\/dueren\/\" \/>\n<meta property=\"og:site_name\" content=\"Janisch Insektenschutz J\u00fcchen\" \/>\n<meta property=\"article:modified_time\" content=\"2024-03-25T08:17:53+00:00\" \/>\n<meta property=\"og:image\" content=\"https:\/\/www.janisch-insektenschutz.de\/wp-content\/uploads\/2024\/03\/Janisch_Logo.png\" \/>\n\t<meta property=\"og:image:width\" content=\"650\" \/>\n\t<meta property=\"og:image:height\" content=\"150\" \/>\n\t<meta property=\"og:image:type\" content=\"image\/png\" \/>\n<meta name=\"twitter:card\" content=\"summary_large_image\" \/>\n<meta name=\"twitter:label1\" content=\"Gesch\u00e4tzte Lesezeit\" \/>\n\t<meta name=\"twitter:data1\" content=\"2\u00a0Minuten\" \/>\n<script type=\"application\/ld+json\" class=\"yoast-schema-graph\">{\"@context\":\"https:\\\/\\\/schema.org\",\"@graph\":[{\"@type\":\"WebPage\",\"@id\":\"https:\\\/\\\/www.janisch-insektenschutz.de\\\/index.php\\\/dueren\\\/\",\"url\":\"https:\\\/\\\/www.janisch-insektenschutz.de\\\/index.php\\\/dueren\\\/\",\"name\":\"Janisch Insektenschutz D\u00fcren\",\"isPartOf\":{\"@id\":\"\\\/#website\"},\"datePublished\":\"2024-03-25T07:52:03+00:00\",\"dateModified\":\"2024-03-25T08:17:53+00:00\",\"description\":\"F\u00fcr alle umweltfreundlichen Insektenschutzfragen sowie Gegebenheiten biete ich Ihnen den perfekten Insektenschutz nach Ma\u00df.\",\"breadcrumb\":{\"@id\":\"https:\\\/\\\/www.janisch-insektenschutz.de\\\/index.php\\\/dueren\\\/#breadcrumb\"},\"inLanguage\":\"de\",\"potentialAction\":[{\"@type\":\"ReadAction\",\"target\":[\"https:\\\/\\\/www.janisch-insektenschutz.de\\\/index.php\\\/dueren\\\/\"]}]},{\"@type\":\"BreadcrumbList\",\"@id\":\"https:\\\/\\\/www.janisch-insektenschutz.de\\\/index.php\\\/dueren\\\/#breadcrumb\",\"itemListElement\":[{\"@type\":\"ListItem\",\"position\":1,\"name\":\"Startseite\",\"item\":\"https:\\\/\\\/www.janisch-insektenschutz.de\\\/\"},{\"@type\":\"ListItem\",\"position\":2,\"name\":\"D\u00fcren\"}]},{\"@type\":\"WebSite\",\"@id\":\"\\\/#website\",\"url\":\"\\\/\",\"name\":\"Janisch Insektenschutz J\u00fcchen\",\"description\":\"Insektenschutz nach Ma\u00df\",\"publisher\":{\"@id\":\"\\\/#organization\"},\"potentialAction\":[{\"@type\":\"SearchAction\",\"target\":{\"@type\":\"EntryPoint\",\"urlTemplate\":\"\\\/?s={search_term_string}\"},\"query-input\":{\"@type\":\"PropertyValueSpecification\",\"valueRequired\":true,\"valueName\":\"search_term_string\"}}],\"inLanguage\":\"de\"},{\"@type\":\"Organization\",\"@id\":\"\\\/#organization\",\"name\":\"Janisch Insektenschutz J\u00fcchen\",\"url\":\"\\\/\",\"logo\":{\"@type\":\"ImageObject\",\"inLanguage\":\"de\",\"@id\":\"\\\/#\\\/schema\\\/logo\\\/image\\\/\",\"url\":\"https:\\\/\\\/www.janisch-insektenschutz.de\\\/wp-content\\\/uploads\\\/2024\\\/03\\\/Janisch_Logo.png\",\"contentUrl\":\"https:\\\/\\\/www.janisch-insektenschutz.de\\\/wp-content\\\/uploads\\\/2024\\\/03\\\/Janisch_Logo.png\",\"width\":650,\"height\":150,\"caption\":\"Janisch Insektenschutz J\u00fcchen\"},\"image\":{\"@id\":\"\\\/#\\\/schema\\\/logo\\\/image\\\/\"}}]}<\/script>\n<!-- \/ Yoast SEO plugin. -->","yoast_head_json":{"title":"Janisch Insektenschutz D\u00fcren","description":"F\u00fcr alle umweltfreundlichen Insektenschutzfragen sowie Gegebenheiten biete ich Ihnen den perfekten Insektenschutz nach Ma\u00df.","robots":{"index":"index","follow":"follow","max-snippet":"max-snippet:-1","max-image-preview":"max-image-preview:large","max-video-preview":"max-video-preview:-1"},"canonical":"https:\/\/www.janisch-insektenschutz.de\/index.php\/dueren\/","og_locale":"de_DE","og_type":"article","og_title":"Janisch Insektenschutz D\u00fcren","og_description":"F\u00fcr alle umweltfreundlichen Insektenschutzfragen sowie Gegebenheiten biete ich Ihnen den perfekten Insektenschutz nach Ma\u00df.","og_url":"https:\/\/www.janisch-insektenschutz.de\/index.php\/dueren\/","og_site_name":"Janisch Insektenschutz J\u00fcchen","article_modified_time":"2024-03-25T08:17:53+00:00","og_image":[{"width":650,"height":150,"url":"https:\/\/www.janisch-insektenschutz.de\/wp-content\/uploads\/2024\/03\/Janisch_Logo.png","type":"image\/png"}],"twitter_card":"summary_large_image","twitter_misc":{"Gesch\u00e4tzte Lesezeit":"2\u00a0Minuten"},"schema":{"@context":"https:\/\/schema.org","@graph":[{"@type":"WebPage","@id":"https:\/\/www.janisch-insektenschutz.de\/index.php\/dueren\/","url":"https:\/\/www.janisch-insektenschutz.de\/index.php\/dueren\/","name":"Janisch Insektenschutz D\u00fcren","isPartOf":{"@id":"\/#website"},"datePublished":"2024-03-25T07:52:03+00:00","dateModified":"2024-03-25T08:17:53+00:00","description":"F\u00fcr alle umweltfreundlichen Insektenschutzfragen sowie Gegebenheiten biete ich Ihnen den perfekten Insektenschutz nach Ma\u00df.","breadcrumb":{"@id":"https:\/\/www.janisch-insektenschutz.de\/index.php\/dueren\/#breadcrumb"},"inLanguage":"de","potentialAction":[{"@type":"ReadAction","target":["https:\/\/www.janisch-insektenschutz.de\/index.php\/dueren\/"]}]},{"@type":"BreadcrumbList","@id":"https:\/\/www.janisch-insektenschutz.de\/index.php\/dueren\/#breadcrumb","itemListElement":[{"@type":"ListItem","position":1,"name":"Startseite","item":"https:\/\/www.janisch-insektenschutz.de\/"},{"@type":"ListItem","position":2,"name":"D\u00fcren"}]},{"@type":"WebSite","@id":"\/#website","url":"\/","name":"Janisch Insektenschutz J\u00fcchen","description":"Insektenschutz nach Ma\u00df","publisher":{"@id":"\/#organization"},"potentialAction":[{"@type":"SearchAction","target":{"@type":"EntryPoint","urlTemplate":"\/?s={search_term_string}"},"query-input":{"@type":"PropertyValueSpecification","valueRequired":true,"valueName":"search_term_string"}}],"inLanguage":"de"},{"@type":"Organization","@id":"\/#organization","name":"Janisch Insektenschutz J\u00fcchen","url":"\/","logo":{"@type":"ImageObject","inLanguage":"de","@id":"\/#\/schema\/logo\/image\/","url":"https:\/\/www.janisch-insektenschutz.de\/wp-content\/uploads\/2024\/03\/Janisch_Logo.png","contentUrl":"https:\/\/www.janisch-insektenschutz.de\/wp-content\/uploads\/2024\/03\/Janisch_Logo.png","width":650,"height":150,"caption":"Janisch Insektenschutz J\u00fcchen"},"image":{"@id":"\/#\/schema\/logo\/image\/"}}]}},"_links":{"self":[{"href":"https:\/\/www.janisch-insektenschutz.de\/index.php\/wp-json\/wp\/v2\/pages\/1591","targetHints":{"allow":["GET"]}}],"collection":[{"href":"https:\/\/www.janisch-insektenschutz.de\/index.php\/wp-json\/wp\/v2\/pages"}],"about":[{"href":"https:\/\/www.janisch-insektenschutz.de\/index.php\/wp-json\/wp\/v2\/types\/page"}],"author":[{"embeddable":true,"href":"https:\/\/www.janisch-insektenschutz.de\/index.php\/wp-json\/wp\/v2\/users\/1"}],"replies":[{"embeddable":true,"href":"https:\/\/www.janisch-insektenschutz.de\/index.php\/wp-json\/wp\/v2\/comments?post=1591"}],"version-history":[{"count":4,"href":"https:\/\/www.janisch-insektenschutz.de\/index.php\/wp-json\/wp\/v2\/pages\/1591\/revisions"}],"predecessor-version":[{"id":1595,"href":"https:\/\/www.janisch-insektenschutz.de\/index.php\/wp-json\/wp\/v2\/pages\/1591\/revisions\/1595"}],"wp:attachment":[{"href":"https:\/\/www.janisch-insektenschutz.de\/index.php\/wp-json\/wp\/v2\/media?parent=1591"}],"curies":[{"name":"wp","href":"https:\/\/api.w.org\/{rel}","templated":true}]}}