{"id":17,"date":"2024-03-12T09:35:48","date_gmt":"2024-03-12T08:35:48","guid":{"rendered":"https:\/\/www.janisch-insektenschutz.de\/aufbau\/wordpress\/wordpress\/?page_id=17"},"modified":"2024-03-20T15:26:32","modified_gmt":"2024-03-20T14:26:32","slug":"poltec","status":"publish","type":"page","link":"https:\/\/www.janisch-insektenschutz.de\/index.php\/poltec\/","title":{"rendered":"Polltec\u00ae"},"content":{"rendered":"\t\t<div data-elementor-type=\"wp-page\" data-elementor-id=\"17\" class=\"elementor elementor-17\">\n\t\t\t\t<div class=\"elementor-element elementor-element-d1c2c21 e-flex e-con-boxed e-con e-parent\" data-id=\"d1c2c21\" data-element_type=\"container\" data-e-type=\"container\">\n\t\t\t\t\t<div class=\"e-con-inner\">\n\t\t\t\t<div class=\"elementor-element elementor-element-43ec3ef elementor-widget elementor-widget-heading\" data-id=\"43ec3ef\" data-element_type=\"widget\" data-e-type=\"widget\" data-widget_type=\"heading.default\">\n\t\t\t\t<div class=\"elementor-widget-container\">\n\t\t\t\t\t<h3 class=\"elementor-heading-title elementor-size-default\">Polltec\u00ae <br>Das Pollenschutzgitter<\/h3>\t\t\t\t<\/div>\n\t\t\t\t<\/div>\n\t\t\t\t<div class=\"elementor-element elementor-element-fac7a0d elementor-widget__width-initial elementor-widget elementor-widget-text-editor\" data-id=\"fac7a0d\" data-element_type=\"widget\" data-e-type=\"widget\" data-widget_type=\"text-editor.default\">\n\t\t\t\t<div class=\"elementor-widget-container\">\n\t\t\t\t\t\t\t\t\t<p>PollenSchutzGitter<br \/>Der neue Standard f\u00fcr <strong>Pollenschutz<\/strong>.<br \/>NEHER hat mit dem Pollenschutz- System Polltec\u00ae die L\u00f6sung f\u00fcr gepeinigte Allergiker:<\/p><p>Innovatives <strong>Schutzgewebe<\/strong> mit Spezialbeschichtung, die die Pollen anzieht&#8220;.<br \/>ECARF-Qualit\u00e4tssiegel f\u00fcr gepr\u00fcfte Schutzwirkung:<br \/>99 % gegen Gr\u00e4ser- und Birkenpollen<br \/>90 % gegen die besonders kleinen Ambrosia- und Brennesselpollen<br \/>Stark verbesserte Luftdurchl\u00e4ssigkeit:<br \/>Bis zu 300 % besser im Vergleich zu herk\u00f6mmlichen Pollenschutzgeweben bei Windst\u00e4rke 1 (0,3 &#8211; 1,6 m\/s).<\/p><p>Gute <strong>Durchsicht<\/strong> durch innovatives Maschenkonzept<br \/>Ganzj\u00e4hrig nutzbar als kombiniertes Pollen- und Insektenschutzgitter &#8211; die Widerstandsf\u00e4higkeit, <strong>UV-Best\u00e4ndigkeit<\/strong> und der verbesserte Licht- und Luftdurchlass sorgen daf\u00fcr, dass das Gewebe ganzj\u00e4hrig nutzbar ist.<br \/>Elastisch, robust, witterungsbest\u00e4ndig.<br \/><strong>Leicht zu reinigen:<\/strong> Durch die sehr glatte Oberfl\u00e4che des Gewebes w\u00e4scht der Regen bereits die meisten Pollen wieder ab. Man kann das Gewebe aber auch sehr schnell und leicht selbst reinigen: einfach unter flie\u00dfendem Wasser absp\u00fclen und mit einem fusselfreien Tuch trocken tupfen.<\/p>\t\t\t\t\t\t\t\t<\/div>\n\t\t\t\t<\/div>\n\t\t\t\t<div class=\"elementor-element elementor-element-f8cf598 elementor-widget elementor-widget-heading\" data-id=\"f8cf598\" data-element_type=\"widget\" data-e-type=\"widget\" data-widget_type=\"heading.default\">\n\t\t\t\t<div class=\"elementor-widget-container\">\n\t\t\t\t\t<h3 class=\"elementor-heading-title elementor-size-default\">So wirkt Polltec\u00ae <\/h3>\t\t\t\t<\/div>\n\t\t\t\t<\/div>\n\t\t\t\t<div class=\"elementor-element elementor-element-82e3006 elementor-widget__width-initial elementor-widget elementor-widget-text-editor\" data-id=\"82e3006\" data-element_type=\"widget\" data-e-type=\"widget\" data-widget_type=\"text-editor.default\">\n\t\t\t\t<div class=\"elementor-widget-container\">\n\t\t\t\t\t\t\t\t\t<p>Im Gegensatz zu den \u00fcblichen, luft- und lichtblockierenden engmaschigen Geweben besitzt <strong>Polltec\u00ae<\/strong> eine l\u00e4ngliche Masche, die auch an der schmalen Seite deutlich gr\u00f6\u00dfer ist als eine Polle.<\/p>\t\t\t\t\t\t\t\t<\/div>\n\t\t\t\t<\/div>\n\t\t<div class=\"elementor-element elementor-element-c8c2221 e-flex e-con-boxed e-con e-child\" data-id=\"c8c2221\" data-element_type=\"container\" data-e-type=\"container\">\n\t\t\t\t\t<div class=\"e-con-inner\">\n\t\t\t\t<div class=\"elementor-element elementor-element-dae0af2 elementor-widget__width-initial elementor-widget elementor-widget-image\" data-id=\"dae0af2\" data-element_type=\"widget\" data-e-type=\"widget\" data-widget_type=\"image.default\">\n\t\t\t\t<div class=\"elementor-widget-container\">\n\t\t\t\t\t\t\t\t\t\t\t\t\t\t\t<img fetchpriority=\"high\" decoding=\"async\" width=\"300\" height=\"373\" src=\"https:\/\/www.janisch-insektenschutz.de\/wp-content\/uploads\/2024\/03\/polltec_clip_image002.jpg\" class=\"attachment-large size-large wp-image-813\" alt=\"\" srcset=\"https:\/\/www.janisch-insektenschutz.de\/wp-content\/uploads\/2024\/03\/polltec_clip_image002.jpg 300w, https:\/\/www.janisch-insektenschutz.de\/wp-content\/uploads\/2024\/03\/polltec_clip_image002-241x300.jpg 241w\" sizes=\"(max-width: 300px) 100vw, 300px\" \/>\t\t\t\t\t\t\t\t\t\t\t\t\t\t\t<\/div>\n\t\t\t\t<\/div>\n\t\t\t\t<div class=\"elementor-element elementor-element-303b798 elementor-widget elementor-widget-text-editor\" data-id=\"303b798\" data-element_type=\"widget\" data-e-type=\"widget\" data-widget_type=\"text-editor.default\">\n\t\t\t\t<div class=\"elementor-widget-container\">\n\t\t\t\t\t\t\t\t\t<p>Dadurch kommt sehr viel mehr Luft und Licht durch das Gewebe. Trotzdem bleiben die Pollen am Gewebe h\u00e4ngen. Daf\u00fcr ist die <strong>Spezialbeschichtung<\/strong> des Polyestergewebes verantwortlich, die die Pollen quasi anzieht und dort festh\u00e4lt. Die Funktionszeichnung oben zeigt einen Gewebeausschnitt in der Au\u00dfenansicht.<\/p><p><strong>Vergleichen Sie selbst:<\/strong><br \/>Bisherige Pollenschutzgewebe (unten links) haben ihre Schw\u00e4che in der mangelnden Durchsicht, au\u00dferdem ist der Luftdurchlass sehr stark eingeschr\u00e4nkt. Sie sind nur begrenzt haltbar und nicht f\u00fcr dauerhafte, ganzj\u00e4hrige Nutzung geeignet. <strong>Polltec\u00ae<\/strong> (im Versuchsaufbau rechts) \u00fcberzeugt durch wesentlich verbesserte Luft- und <strong>Lichtdurchl\u00e4ssigkeit<\/strong> sowie l\u00e4ngere Haltbarkeit.<\/p><p>Die hohe Wirksamkeit des <strong>Polltec\u00ae-Systems<\/strong> konnte in aufw\u00e4ndigen wissenschaftlichen Versuchsreihen belegt werden. Den Pr\u00fcfbericht zur Wirksamkeit des Polltec-Gewebes vom Allergie-Centrum-Charit\u00e9\u00a9 in Berlin gibt es als Download.<\/p>\t\t\t\t\t\t\t\t<\/div>\n\t\t\t\t<\/div>\n\t\t\t\t\t<\/div>\n\t\t\t\t<\/div>\n\t\t\t\t\t<\/div>\n\t\t\t\t<\/div>\n\t\t<div class=\"elementor-element elementor-element-57d80b4 e-flex e-con-boxed e-con e-parent\" data-id=\"57d80b4\" data-element_type=\"container\" data-e-type=\"container\">\n\t\t\t\t\t<div class=\"e-con-inner\">\n\t\t\t\t<div class=\"elementor-element elementor-element-415688d elementor-widget elementor-widget-text-editor\" data-id=\"415688d\" data-element_type=\"widget\" data-e-type=\"widget\" data-widget_type=\"text-editor.default\">\n\t\t\t\t<div class=\"elementor-widget-container\">\n\t\t\t\t\t\t\t\t\t<p>Transpatec\u00ae und Polltec\u00ae sind gegen Aufpreis erh\u00e4ltlich.<\/p>\t\t\t\t\t\t\t\t<\/div>\n\t\t\t\t<\/div>\n\t\t\t\t\t<\/div>\n\t\t\t\t<\/div>\n\t\t\t\t<\/div>\n\t\t","protected":false},"excerpt":{"rendered":"<p>Polltec\u00ae Das Pollenschutzgitter PollenSchutzGitterDer neue Standard f\u00fcr Pollenschutz.NEHER hat mit dem Pollenschutz- System Polltec\u00ae die L\u00f6sung f\u00fcr gepeinigte Allergiker: Innovatives Schutzgewebe mit Spezialbeschichtung, die die Pollen anzieht&#8220;.ECARF-Qualit\u00e4tssiegel f\u00fcr gepr\u00fcfte Schutzwirkung:99 % gegen Gr\u00e4ser- und Birkenpollen90 % gegen die besonders kleinen Ambrosia- und BrennesselpollenStark verbesserte Luftdurchl\u00e4ssigkeit:Bis zu 300 % besser im Vergleich zu herk\u00f6mmlichen Pollenschutzgeweben bei&hellip; <br \/> <a class=\"read-more\" href=\"https:\/\/www.janisch-insektenschutz.de\/index.php\/poltec\/\">Weiterlesen<\/a><\/p>\n","protected":false},"author":1,"featured_media":995,"parent":0,"menu_order":0,"comment_status":"closed","ping_status":"closed","template":"","meta":{"footnotes":""},"class_list":["post-17","page","type-page","status-publish","has-post-thumbnail","hentry"],"yoast_head":"<!-- This site is optimized with the Yoast SEO plugin v27.5 - https:\/\/yoast.com\/product\/yoast-seo-wordpress\/ -->\n<title>Janisch Insektenschutz Polltec\u00ae<\/title>\n<meta name=\"description\" content=\"F\u00fcr alle umweltfreundlichen Insektenschutzfragen sowie Gegebenheiten biete ich Ihnen den perfekten Insektenschutz nach Ma\u00df.\" \/>\n<meta name=\"robots\" content=\"index, follow, max-snippet:-1, max-image-preview:large, max-video-preview:-1\" \/>\n<link rel=\"canonical\" href=\"https:\/\/www.janisch-insektenschutz.de\/index.php\/poltec\/\" \/>\n<meta property=\"og:locale\" content=\"de_DE\" \/>\n<meta property=\"og:type\" content=\"article\" \/>\n<meta property=\"og:title\" content=\"Janisch Insektenschutz Polltec\u00ae\" \/>\n<meta property=\"og:description\" content=\"F\u00fcr alle umweltfreundlichen Insektenschutzfragen sowie Gegebenheiten biete ich Ihnen den perfekten Insektenschutz nach Ma\u00df.\" \/>\n<meta property=\"og:url\" content=\"https:\/\/www.janisch-insektenschutz.de\/index.php\/poltec\/\" \/>\n<meta property=\"og:site_name\" content=\"Janisch Insektenschutz J\u00fcchen\" \/>\n<meta property=\"article:modified_time\" content=\"2024-03-20T14:26:32+00:00\" \/>\n<meta property=\"og:image\" content=\"https:\/\/www.janisch-insektenschutz.de\/wp-content\/uploads\/2024\/03\/1.jpg\" \/>\n\t<meta property=\"og:image:width\" content=\"1920\" \/>\n\t<meta property=\"og:image:height\" content=\"950\" \/>\n\t<meta property=\"og:image:type\" content=\"image\/jpeg\" \/>\n<meta name=\"twitter:card\" content=\"summary_large_image\" \/>\n<meta name=\"twitter:label1\" content=\"Gesch\u00e4tzte Lesezeit\" \/>\n\t<meta name=\"twitter:data1\" content=\"2\u00a0Minuten\" \/>\n<script type=\"application\/ld+json\" class=\"yoast-schema-graph\">{\"@context\":\"https:\\\/\\\/schema.org\",\"@graph\":[{\"@type\":\"WebPage\",\"@id\":\"https:\\\/\\\/www.janisch-insektenschutz.de\\\/index.php\\\/poltec\\\/\",\"url\":\"https:\\\/\\\/www.janisch-insektenschutz.de\\\/index.php\\\/poltec\\\/\",\"name\":\"Janisch Insektenschutz Polltec\u00ae\",\"isPartOf\":{\"@id\":\"\\\/#website\"},\"primaryImageOfPage\":{\"@id\":\"https:\\\/\\\/www.janisch-insektenschutz.de\\\/index.php\\\/poltec\\\/#primaryimage\"},\"image\":{\"@id\":\"https:\\\/\\\/www.janisch-insektenschutz.de\\\/index.php\\\/poltec\\\/#primaryimage\"},\"thumbnailUrl\":\"https:\\\/\\\/www.janisch-insektenschutz.de\\\/wp-content\\\/uploads\\\/2024\\\/03\\\/1.jpg\",\"datePublished\":\"2024-03-12T08:35:48+00:00\",\"dateModified\":\"2024-03-20T14:26:32+00:00\",\"description\":\"F\u00fcr alle umweltfreundlichen Insektenschutzfragen sowie Gegebenheiten biete ich Ihnen den perfekten Insektenschutz nach Ma\u00df.\",\"breadcrumb\":{\"@id\":\"https:\\\/\\\/www.janisch-insektenschutz.de\\\/index.php\\\/poltec\\\/#breadcrumb\"},\"inLanguage\":\"de\",\"potentialAction\":[{\"@type\":\"ReadAction\",\"target\":[\"https:\\\/\\\/www.janisch-insektenschutz.de\\\/index.php\\\/poltec\\\/\"]}]},{\"@type\":\"ImageObject\",\"inLanguage\":\"de\",\"@id\":\"https:\\\/\\\/www.janisch-insektenschutz.de\\\/index.php\\\/poltec\\\/#primaryimage\",\"url\":\"https:\\\/\\\/www.janisch-insektenschutz.de\\\/wp-content\\\/uploads\\\/2024\\\/03\\\/1.jpg\",\"contentUrl\":\"https:\\\/\\\/www.janisch-insektenschutz.de\\\/wp-content\\\/uploads\\\/2024\\\/03\\\/1.jpg\",\"width\":1920,\"height\":950},{\"@type\":\"BreadcrumbList\",\"@id\":\"https:\\\/\\\/www.janisch-insektenschutz.de\\\/index.php\\\/poltec\\\/#breadcrumb\",\"itemListElement\":[{\"@type\":\"ListItem\",\"position\":1,\"name\":\"Startseite\",\"item\":\"https:\\\/\\\/www.janisch-insektenschutz.de\\\/\"},{\"@type\":\"ListItem\",\"position\":2,\"name\":\"Polltec\u00ae\"}]},{\"@type\":\"WebSite\",\"@id\":\"\\\/#website\",\"url\":\"\\\/\",\"name\":\"Janisch Insektenschutz J\u00fcchen\",\"description\":\"Insektenschutz nach Ma\u00df\",\"publisher\":{\"@id\":\"\\\/#organization\"},\"potentialAction\":[{\"@type\":\"SearchAction\",\"target\":{\"@type\":\"EntryPoint\",\"urlTemplate\":\"\\\/?s={search_term_string}\"},\"query-input\":{\"@type\":\"PropertyValueSpecification\",\"valueRequired\":true,\"valueName\":\"search_term_string\"}}],\"inLanguage\":\"de\"},{\"@type\":\"Organization\",\"@id\":\"\\\/#organization\",\"name\":\"Janisch Insektenschutz J\u00fcchen\",\"url\":\"\\\/\",\"logo\":{\"@type\":\"ImageObject\",\"inLanguage\":\"de\",\"@id\":\"\\\/#\\\/schema\\\/logo\\\/image\\\/\",\"url\":\"https:\\\/\\\/www.janisch-insektenschutz.de\\\/wp-content\\\/uploads\\\/2024\\\/03\\\/Janisch_Logo.png\",\"contentUrl\":\"https:\\\/\\\/www.janisch-insektenschutz.de\\\/wp-content\\\/uploads\\\/2024\\\/03\\\/Janisch_Logo.png\",\"width\":650,\"height\":150,\"caption\":\"Janisch Insektenschutz J\u00fcchen\"},\"image\":{\"@id\":\"\\\/#\\\/schema\\\/logo\\\/image\\\/\"}}]}<\/script>\n<!-- \/ Yoast SEO plugin. -->","yoast_head_json":{"title":"Janisch Insektenschutz Polltec\u00ae","description":"F\u00fcr alle umweltfreundlichen Insektenschutzfragen sowie Gegebenheiten biete ich Ihnen den perfekten Insektenschutz nach Ma\u00df.","robots":{"index":"index","follow":"follow","max-snippet":"max-snippet:-1","max-image-preview":"max-image-preview:large","max-video-preview":"max-video-preview:-1"},"canonical":"https:\/\/www.janisch-insektenschutz.de\/index.php\/poltec\/","og_locale":"de_DE","og_type":"article","og_title":"Janisch Insektenschutz Polltec\u00ae","og_description":"F\u00fcr alle umweltfreundlichen Insektenschutzfragen sowie Gegebenheiten biete ich Ihnen den perfekten Insektenschutz nach Ma\u00df.","og_url":"https:\/\/www.janisch-insektenschutz.de\/index.php\/poltec\/","og_site_name":"Janisch Insektenschutz J\u00fcchen","article_modified_time":"2024-03-20T14:26:32+00:00","og_image":[{"width":1920,"height":950,"url":"https:\/\/www.janisch-insektenschutz.de\/wp-content\/uploads\/2024\/03\/1.jpg","type":"image\/jpeg"}],"twitter_card":"summary_large_image","twitter_misc":{"Gesch\u00e4tzte Lesezeit":"2\u00a0Minuten"},"schema":{"@context":"https:\/\/schema.org","@graph":[{"@type":"WebPage","@id":"https:\/\/www.janisch-insektenschutz.de\/index.php\/poltec\/","url":"https:\/\/www.janisch-insektenschutz.de\/index.php\/poltec\/","name":"Janisch Insektenschutz Polltec\u00ae","isPartOf":{"@id":"\/#website"},"primaryImageOfPage":{"@id":"https:\/\/www.janisch-insektenschutz.de\/index.php\/poltec\/#primaryimage"},"image":{"@id":"https:\/\/www.janisch-insektenschutz.de\/index.php\/poltec\/#primaryimage"},"thumbnailUrl":"https:\/\/www.janisch-insektenschutz.de\/wp-content\/uploads\/2024\/03\/1.jpg","datePublished":"2024-03-12T08:35:48+00:00","dateModified":"2024-03-20T14:26:32+00:00","description":"F\u00fcr alle umweltfreundlichen Insektenschutzfragen sowie Gegebenheiten biete ich Ihnen den perfekten Insektenschutz nach Ma\u00df.","breadcrumb":{"@id":"https:\/\/www.janisch-insektenschutz.de\/index.php\/poltec\/#breadcrumb"},"inLanguage":"de","potentialAction":[{"@type":"ReadAction","target":["https:\/\/www.janisch-insektenschutz.de\/index.php\/poltec\/"]}]},{"@type":"ImageObject","inLanguage":"de","@id":"https:\/\/www.janisch-insektenschutz.de\/index.php\/poltec\/#primaryimage","url":"https:\/\/www.janisch-insektenschutz.de\/wp-content\/uploads\/2024\/03\/1.jpg","contentUrl":"https:\/\/www.janisch-insektenschutz.de\/wp-content\/uploads\/2024\/03\/1.jpg","width":1920,"height":950},{"@type":"BreadcrumbList","@id":"https:\/\/www.janisch-insektenschutz.de\/index.php\/poltec\/#breadcrumb","itemListElement":[{"@type":"ListItem","position":1,"name":"Startseite","item":"https:\/\/www.janisch-insektenschutz.de\/"},{"@type":"ListItem","position":2,"name":"Polltec\u00ae"}]},{"@type":"WebSite","@id":"\/#website","url":"\/","name":"Janisch Insektenschutz J\u00fcchen","description":"Insektenschutz nach Ma\u00df","publisher":{"@id":"\/#organization"},"potentialAction":[{"@type":"SearchAction","target":{"@type":"EntryPoint","urlTemplate":"\/?s={search_term_string}"},"query-input":{"@type":"PropertyValueSpecification","valueRequired":true,"valueName":"search_term_string"}}],"inLanguage":"de"},{"@type":"Organization","@id":"\/#organization","name":"Janisch Insektenschutz J\u00fcchen","url":"\/","logo":{"@type":"ImageObject","inLanguage":"de","@id":"\/#\/schema\/logo\/image\/","url":"https:\/\/www.janisch-insektenschutz.de\/wp-content\/uploads\/2024\/03\/Janisch_Logo.png","contentUrl":"https:\/\/www.janisch-insektenschutz.de\/wp-content\/uploads\/2024\/03\/Janisch_Logo.png","width":650,"height":150,"caption":"Janisch Insektenschutz J\u00fcchen"},"image":{"@id":"\/#\/schema\/logo\/image\/"}}]}},"_links":{"self":[{"href":"https:\/\/www.janisch-insektenschutz.de\/index.php\/wp-json\/wp\/v2\/pages\/17","targetHints":{"allow":["GET"]}}],"collection":[{"href":"https:\/\/www.janisch-insektenschutz.de\/index.php\/wp-json\/wp\/v2\/pages"}],"about":[{"href":"https:\/\/www.janisch-insektenschutz.de\/index.php\/wp-json\/wp\/v2\/types\/page"}],"author":[{"embeddable":true,"href":"https:\/\/www.janisch-insektenschutz.de\/index.php\/wp-json\/wp\/v2\/users\/1"}],"replies":[{"embeddable":true,"href":"https:\/\/www.janisch-insektenschutz.de\/index.php\/wp-json\/wp\/v2\/comments?post=17"}],"version-history":[{"count":14,"href":"https:\/\/www.janisch-insektenschutz.de\/index.php\/wp-json\/wp\/v2\/pages\/17\/revisions"}],"predecessor-version":[{"id":980,"href":"https:\/\/www.janisch-insektenschutz.de\/index.php\/wp-json\/wp\/v2\/pages\/17\/revisions\/980"}],"wp:featuredmedia":[{"embeddable":true,"href":"https:\/\/www.janisch-insektenschutz.de\/index.php\/wp-json\/wp\/v2\/media\/995"}],"wp:attachment":[{"href":"https:\/\/www.janisch-insektenschutz.de\/index.php\/wp-json\/wp\/v2\/media?parent=17"}],"curies":[{"name":"wp","href":"https:\/\/api.w.org\/{rel}","templated":true}]}}