{"id":25,"date":"2024-03-12T09:36:51","date_gmt":"2024-03-12T08:36:51","guid":{"rendered":"https:\/\/www.janisch-insektenschutz.de\/aufbau\/wordpress\/wordpress\/?page_id=25"},"modified":"2026-03-26T10:52:33","modified_gmt":"2026-03-26T09:52:33","slug":"kontakt","status":"publish","type":"page","link":"https:\/\/www.janisch-insektenschutz.de\/index.php\/kontakt\/","title":{"rendered":"Kontakt"},"content":{"rendered":"\t\t<div data-elementor-type=\"wp-page\" data-elementor-id=\"25\" class=\"elementor elementor-25\">\n\t\t\t\t<div class=\"elementor-element elementor-element-75010e5 e-flex e-con-boxed e-con e-parent\" data-id=\"75010e5\" data-element_type=\"container\" data-e-type=\"container\">\n\t\t\t\t\t<div class=\"e-con-inner\">\n\t\t\t\t<div class=\"elementor-element elementor-element-297cd8b elementor-widget__width-initial elementor-widget elementor-widget-text-editor\" data-id=\"297cd8b\" data-element_type=\"widget\" data-e-type=\"widget\" data-widget_type=\"text-editor.default\">\n\t\t\t\t<div class=\"elementor-widget-container\">\n\t\t\t\t\t\t\t\t\t<p style=\"text-align: left;\">Hallo liebe Kundinnen und Kunden,<\/p><p>f\u00fcr Ihre Anfragen erreichen Sie mich am besten telefonisch oder per Nachricht.<br \/>Gerne k\u00f6nnen Sie mich auch \u00fcber WhatsApp oder per E-Mail kontaktieren.<br \/><br \/>Bitte senden Sie mir dabei \u2013 wenn m\u00f6glich \u2013 einige Fotos Ihrer T\u00fcren und Fenster <strong>von au\u00dfen <\/strong>sowie <strong>Ihre vollst\u00e4ndigen Adressdaten und eine Mobilnummer.<\/strong><\/p><p style=\"text-align: left;\">Als gelernter Fachmann lege ich gro\u00dfen Wert auf eine hochwertige Ausf\u00fchrung. Daf\u00fcr nehme ich mir die n\u00f6tige Zeit, damit Sie langfristig Freude an Ihren Insektenschutz- und Sonnenschutzelementen haben. Aus diesem Grund vereinbare ich Termine in der Regel als ungef\u00e4hre Zeitfenster.<\/p><p style=\"text-align: left;\">Sollte einmal eine R\u00fcckmeldung von mir ausbleiben, z\u00f6gern Sie bitte nicht, sich erneut bei mir zu melden \ud83d\ude42<\/p>\t\t\t\t\t\t\t\t<\/div>\n\t\t\t\t<\/div>\n\t\t\t\t<div class=\"elementor-element elementor-element-3fed16f elementor-widget__width-initial elementor-widget elementor-widget-text-editor\" data-id=\"3fed16f\" data-element_type=\"widget\" data-e-type=\"widget\" data-widget_type=\"text-editor.default\">\n\t\t\t\t<div class=\"elementor-widget-container\">\n\t\t\t\t\t\t\t\t\t<p><strong>Janisch Insektenschutz<\/strong><br \/>Lichtschachtabdeckungen <br \/>Kellergitter Pollenschutz f\u00fcr Fenster und T\u00fcren<\/p><p>Frank Janisch <br \/>Gartenstr. 75 <br \/>41363 J\u00fcchen <br \/>eMail: <a href=\"mailto:info@janisch-insektenschutz.de\">info@janisch-insektenschutz.de<\/a><br \/>Mobil: 0172 &#8211; 47 57 641<\/p>\t\t\t\t\t\t\t\t<\/div>\n\t\t\t\t<\/div>\n\t\t\t\t\t<\/div>\n\t\t\t\t<\/div>\n\t\t<div class=\"elementor-element elementor-element-fdd3943 e-flex e-con-boxed e-con e-parent\" data-id=\"fdd3943\" data-element_type=\"container\" data-e-type=\"container\">\n\t\t\t\t\t<div class=\"e-con-inner\">\n\t\t\t\t<div class=\"elementor-element elementor-element-547a2f4 elementor-widget elementor-widget-spacer\" data-id=\"547a2f4\" data-element_type=\"widget\" data-e-type=\"widget\" data-widget_type=\"spacer.default\">\n\t\t\t\t<div class=\"elementor-widget-container\">\n\t\t\t\t\t\t\t<div class=\"elementor-spacer\">\n\t\t\t<div class=\"elementor-spacer-inner\"><\/div>\n\t\t<\/div>\n\t\t\t\t\t\t<\/div>\n\t\t\t\t<\/div>\n\t\t\t\t<div class=\"elementor-element elementor-element-7a9408d elementor-widget elementor-widget-heading\" data-id=\"7a9408d\" data-element_type=\"widget\" data-e-type=\"widget\" data-widget_type=\"heading.default\">\n\t\t\t\t<div class=\"elementor-widget-container\">\n\t\t\t\t\t<h2 class=\"elementor-heading-title elementor-size-default\">Anfahrtskarte<\/h2>\t\t\t\t<\/div>\n\t\t\t\t<\/div>\n\t\t\t\t<div class=\"elementor-element elementor-element-7c602d1 elementor-widget elementor-widget-text-editor\" data-id=\"7c602d1\" data-element_type=\"widget\" data-e-type=\"widget\" data-widget_type=\"text-editor.default\">\n\t\t\t\t<div class=\"elementor-widget-container\">\n\t\t\t\t\t\t\t\t\t<p class=\"fliestext\">Aus dem sch\u00f6nen J\u00fcchen kommend mobil und zuverl\u00e4ssig f\u00fcr Sie unterwegs:<\/p>\t\t\t\t\t\t\t\t<\/div>\n\t\t\t\t<\/div>\n\t\t\t\t\t<\/div>\n\t\t\t\t<\/div>\n\t\t<div class=\"elementor-element elementor-element-b5c02ee e-flex e-con-boxed e-con e-parent\" data-id=\"b5c02ee\" data-element_type=\"container\" data-e-type=\"container\">\n\t\t\t\t\t<div class=\"e-con-inner\">\n\t\t\t\t<div class=\"elementor-element elementor-element-c890d58 elementor-widget__width-initial elementor-widget elementor-widget-image\" data-id=\"c890d58\" data-element_type=\"widget\" data-e-type=\"widget\" data-widget_type=\"image.default\">\n\t\t\t\t<div class=\"elementor-widget-container\">\n\t\t\t\t\t\t\t\t\t\t\t\t\t\t\t<img fetchpriority=\"high\" decoding=\"async\" width=\"650\" height=\"724\" src=\"https:\/\/www.janisch-insektenschutz.de\/wp-content\/uploads\/2024\/03\/Karte_32-1.jpg\" class=\"attachment-large size-large wp-image-1297\" alt=\"\" srcset=\"https:\/\/www.janisch-insektenschutz.de\/wp-content\/uploads\/2024\/03\/Karte_32-1.jpg 650w, https:\/\/www.janisch-insektenschutz.de\/wp-content\/uploads\/2024\/03\/Karte_32-1-269x300.jpg 269w\" sizes=\"(max-width: 650px) 100vw, 650px\" \/>\t\t\t\t\t\t\t\t\t\t\t\t\t\t\t<\/div>\n\t\t\t\t<\/div>\n\t\t\t\t<div class=\"elementor-element elementor-element-6c21038 elementor-widget elementor-widget-text-editor\" data-id=\"6c21038\" data-element_type=\"widget\" data-e-type=\"widget\" data-widget_type=\"text-editor.default\">\n\t\t\t\t<div class=\"elementor-widget-container\">\n\t\t\t\t\t\t\t\t\t<p><strong>F\u00fcr Sie komme ich in die St\u00e4dte auf der Karte. Unter anderem nach:\u00a0<\/strong><\/p><p><a href=\"https:\/\/www.janisch-insektenschutz.de\/index.php\/juechen\/\">J\u00fcchen<\/a><br \/><a href=\"https:\/\/www.janisch-insektenschutz.de\/index.php\/krefeld\/\">Krefeld<\/a><br \/><a href=\"https:\/\/www.janisch-insektenschutz.de\/index.php\/duesseldorf\/\">D\u00fcsseldorf<\/a><br \/><a href=\"https:\/\/www.janisch-insektenschutz.de\/index.php\/meerbusch\/\">Meerbusch<\/a><br \/><a href=\"https:\/\/www.janisch-insektenschutz.de\/index.php\/moenchengladbach\/\">M\u00f6nchengladbach<\/a><br \/><a href=\"https:\/\/www.janisch-insektenschutz.de\/index.php\/neuss\/\">Neuss<\/a><br \/><a href=\"https:\/\/www.janisch-insektenschutz.de\/index.php\/dormagen\/\">Dormagen<\/a><br \/><a href=\"https:\/\/www.janisch-insektenschutz.de\/index.php\/grevenbroich\/\">Grevenbroich<\/a><br \/><a href=\"https:\/\/www.janisch-insektenschutz.de\/index.php\/geilenkirchen\/\">Geilenkirchen<\/a><br \/><a href=\"https:\/\/www.janisch-insektenschutz.de\/index.php\/juelich\/\">J\u00fclich<\/a><br \/><a href=\"https:\/\/www.janisch-insektenschutz.de\/index.php\/aachen\/\">Aachen<\/a><br \/><a href=\"https:\/\/www.janisch-insektenschutz.de\/index.php\/dueren\/\">D\u00fcren<\/a><\/p>\t\t\t\t\t\t\t\t<\/div>\n\t\t\t\t<\/div>\n\t\t\t\t\t<\/div>\n\t\t\t\t<\/div>\n\t\t<div class=\"elementor-element elementor-element-2cedcd1 e-flex e-con-boxed e-con e-parent\" data-id=\"2cedcd1\" data-element_type=\"container\" data-e-type=\"container\">\n\t\t\t\t\t<div class=\"e-con-inner\">\n\t\t\t\t<div class=\"elementor-element elementor-element-d390de8 elementor-widget elementor-widget-text-editor\" data-id=\"d390de8\" data-element_type=\"widget\" data-e-type=\"widget\" data-widget_type=\"text-editor.default\">\n\t\t\t\t<div class=\"elementor-widget-container\">\n\t\t\t\t\t\t\t\t\t<p class=\"Stil2\" align=\"left\">F\u00fcr alle externen Seiten, sind nur deren Betreiber verantwortlich.<\/p>\t\t\t\t\t\t\t\t<\/div>\n\t\t\t\t<\/div>\n\t\t\t\t\t<\/div>\n\t\t\t\t<\/div>\n\t\t\t\t<\/div>\n\t\t","protected":false},"excerpt":{"rendered":"<p>Hallo liebe Kundinnen und Kunden, f\u00fcr Ihre Anfragen erreichen Sie mich am besten telefonisch oder per Nachricht.Gerne k\u00f6nnen Sie mich auch \u00fcber WhatsApp oder per E-Mail kontaktieren. Bitte senden Sie mir dabei \u2013 wenn m\u00f6glich \u2013 einige Fotos Ihrer T\u00fcren und Fenster von au\u00dfen sowie Ihre vollst\u00e4ndigen Adressdaten und eine Mobilnummer. Als gelernter Fachmann lege&hellip; <br \/> <a class=\"read-more\" href=\"https:\/\/www.janisch-insektenschutz.de\/index.php\/kontakt\/\">Weiterlesen<\/a><\/p>\n","protected":false},"author":1,"featured_media":1000,"parent":0,"menu_order":0,"comment_status":"closed","ping_status":"closed","template":"","meta":{"footnotes":""},"class_list":["post-25","page","type-page","status-publish","has-post-thumbnail","hentry"],"yoast_head":"<!-- This site is optimized with the Yoast SEO plugin v27.5 - https:\/\/yoast.com\/product\/yoast-seo-wordpress\/ -->\n<title>Janisch Insektenschutz Kontakt<\/title>\n<meta name=\"description\" content=\"F\u00fcr alle umweltfreundlichen Insektenschutzfragen sowie Gegebenheiten biete ich Ihnen den perfekten Insektenschutz nach Ma\u00df.\" \/>\n<meta name=\"robots\" content=\"index, follow, max-snippet:-1, max-image-preview:large, max-video-preview:-1\" \/>\n<link rel=\"canonical\" href=\"https:\/\/www.janisch-insektenschutz.de\/index.php\/kontakt\/\" \/>\n<meta property=\"og:locale\" content=\"de_DE\" \/>\n<meta property=\"og:type\" content=\"article\" \/>\n<meta property=\"og:title\" content=\"Janisch Insektenschutz Kontakt\" \/>\n<meta property=\"og:description\" content=\"F\u00fcr alle umweltfreundlichen Insektenschutzfragen sowie Gegebenheiten biete ich Ihnen den perfekten Insektenschutz nach Ma\u00df.\" \/>\n<meta property=\"og:url\" content=\"https:\/\/www.janisch-insektenschutz.de\/index.php\/kontakt\/\" \/>\n<meta property=\"og:site_name\" content=\"Janisch Insektenschutz J\u00fcchen\" \/>\n<meta property=\"article:modified_time\" content=\"2026-03-26T09:52:33+00:00\" \/>\n<meta property=\"og:image\" content=\"https:\/\/www.janisch-insektenschutz.de\/wp-content\/uploads\/2024\/03\/6.jpg\" \/>\n\t<meta property=\"og:image:width\" content=\"1920\" \/>\n\t<meta property=\"og:image:height\" content=\"950\" \/>\n\t<meta property=\"og:image:type\" content=\"image\/jpeg\" \/>\n<meta name=\"twitter:card\" content=\"summary_large_image\" \/>\n<meta name=\"twitter:label1\" content=\"Gesch\u00e4tzte Lesezeit\" \/>\n\t<meta name=\"twitter:data1\" content=\"2\u00a0Minuten\" \/>\n<script type=\"application\/ld+json\" class=\"yoast-schema-graph\">{\"@context\":\"https:\\\/\\\/schema.org\",\"@graph\":[{\"@type\":\"WebPage\",\"@id\":\"https:\\\/\\\/www.janisch-insektenschutz.de\\\/index.php\\\/kontakt\\\/\",\"url\":\"https:\\\/\\\/www.janisch-insektenschutz.de\\\/index.php\\\/kontakt\\\/\",\"name\":\"Janisch Insektenschutz Kontakt\",\"isPartOf\":{\"@id\":\"\\\/#website\"},\"primaryImageOfPage\":{\"@id\":\"https:\\\/\\\/www.janisch-insektenschutz.de\\\/index.php\\\/kontakt\\\/#primaryimage\"},\"image\":{\"@id\":\"https:\\\/\\\/www.janisch-insektenschutz.de\\\/index.php\\\/kontakt\\\/#primaryimage\"},\"thumbnailUrl\":\"https:\\\/\\\/www.janisch-insektenschutz.de\\\/wp-content\\\/uploads\\\/2024\\\/03\\\/6.jpg\",\"datePublished\":\"2024-03-12T08:36:51+00:00\",\"dateModified\":\"2026-03-26T09:52:33+00:00\",\"description\":\"F\u00fcr alle umweltfreundlichen Insektenschutzfragen sowie Gegebenheiten biete ich Ihnen den perfekten Insektenschutz nach Ma\u00df.\",\"breadcrumb\":{\"@id\":\"https:\\\/\\\/www.janisch-insektenschutz.de\\\/index.php\\\/kontakt\\\/#breadcrumb\"},\"inLanguage\":\"de\",\"potentialAction\":[{\"@type\":\"ReadAction\",\"target\":[\"https:\\\/\\\/www.janisch-insektenschutz.de\\\/index.php\\\/kontakt\\\/\"]}]},{\"@type\":\"ImageObject\",\"inLanguage\":\"de\",\"@id\":\"https:\\\/\\\/www.janisch-insektenschutz.de\\\/index.php\\\/kontakt\\\/#primaryimage\",\"url\":\"https:\\\/\\\/www.janisch-insektenschutz.de\\\/wp-content\\\/uploads\\\/2024\\\/03\\\/6.jpg\",\"contentUrl\":\"https:\\\/\\\/www.janisch-insektenschutz.de\\\/wp-content\\\/uploads\\\/2024\\\/03\\\/6.jpg\",\"width\":1920,\"height\":950},{\"@type\":\"BreadcrumbList\",\"@id\":\"https:\\\/\\\/www.janisch-insektenschutz.de\\\/index.php\\\/kontakt\\\/#breadcrumb\",\"itemListElement\":[{\"@type\":\"ListItem\",\"position\":1,\"name\":\"Startseite\",\"item\":\"https:\\\/\\\/www.janisch-insektenschutz.de\\\/\"},{\"@type\":\"ListItem\",\"position\":2,\"name\":\"Kontakt\"}]},{\"@type\":\"WebSite\",\"@id\":\"\\\/#website\",\"url\":\"\\\/\",\"name\":\"Janisch Insektenschutz J\u00fcchen\",\"description\":\"Insektenschutz nach Ma\u00df\",\"publisher\":{\"@id\":\"\\\/#organization\"},\"potentialAction\":[{\"@type\":\"SearchAction\",\"target\":{\"@type\":\"EntryPoint\",\"urlTemplate\":\"\\\/?s={search_term_string}\"},\"query-input\":{\"@type\":\"PropertyValueSpecification\",\"valueRequired\":true,\"valueName\":\"search_term_string\"}}],\"inLanguage\":\"de\"},{\"@type\":\"Organization\",\"@id\":\"\\\/#organization\",\"name\":\"Janisch Insektenschutz J\u00fcchen\",\"url\":\"\\\/\",\"logo\":{\"@type\":\"ImageObject\",\"inLanguage\":\"de\",\"@id\":\"\\\/#\\\/schema\\\/logo\\\/image\\\/\",\"url\":\"https:\\\/\\\/www.janisch-insektenschutz.de\\\/wp-content\\\/uploads\\\/2024\\\/03\\\/Janisch_Logo.png\",\"contentUrl\":\"https:\\\/\\\/www.janisch-insektenschutz.de\\\/wp-content\\\/uploads\\\/2024\\\/03\\\/Janisch_Logo.png\",\"width\":650,\"height\":150,\"caption\":\"Janisch Insektenschutz J\u00fcchen\"},\"image\":{\"@id\":\"\\\/#\\\/schema\\\/logo\\\/image\\\/\"}}]}<\/script>\n<!-- \/ Yoast SEO plugin. -->","yoast_head_json":{"title":"Janisch Insektenschutz Kontakt","description":"F\u00fcr alle umweltfreundlichen Insektenschutzfragen sowie Gegebenheiten biete ich Ihnen den perfekten Insektenschutz nach Ma\u00df.","robots":{"index":"index","follow":"follow","max-snippet":"max-snippet:-1","max-image-preview":"max-image-preview:large","max-video-preview":"max-video-preview:-1"},"canonical":"https:\/\/www.janisch-insektenschutz.de\/index.php\/kontakt\/","og_locale":"de_DE","og_type":"article","og_title":"Janisch Insektenschutz Kontakt","og_description":"F\u00fcr alle umweltfreundlichen Insektenschutzfragen sowie Gegebenheiten biete ich Ihnen den perfekten Insektenschutz nach Ma\u00df.","og_url":"https:\/\/www.janisch-insektenschutz.de\/index.php\/kontakt\/","og_site_name":"Janisch Insektenschutz J\u00fcchen","article_modified_time":"2026-03-26T09:52:33+00:00","og_image":[{"width":1920,"height":950,"url":"https:\/\/www.janisch-insektenschutz.de\/wp-content\/uploads\/2024\/03\/6.jpg","type":"image\/jpeg"}],"twitter_card":"summary_large_image","twitter_misc":{"Gesch\u00e4tzte Lesezeit":"2\u00a0Minuten"},"schema":{"@context":"https:\/\/schema.org","@graph":[{"@type":"WebPage","@id":"https:\/\/www.janisch-insektenschutz.de\/index.php\/kontakt\/","url":"https:\/\/www.janisch-insektenschutz.de\/index.php\/kontakt\/","name":"Janisch Insektenschutz Kontakt","isPartOf":{"@id":"\/#website"},"primaryImageOfPage":{"@id":"https:\/\/www.janisch-insektenschutz.de\/index.php\/kontakt\/#primaryimage"},"image":{"@id":"https:\/\/www.janisch-insektenschutz.de\/index.php\/kontakt\/#primaryimage"},"thumbnailUrl":"https:\/\/www.janisch-insektenschutz.de\/wp-content\/uploads\/2024\/03\/6.jpg","datePublished":"2024-03-12T08:36:51+00:00","dateModified":"2026-03-26T09:52:33+00:00","description":"F\u00fcr alle umweltfreundlichen Insektenschutzfragen sowie Gegebenheiten biete ich Ihnen den perfekten Insektenschutz nach Ma\u00df.","breadcrumb":{"@id":"https:\/\/www.janisch-insektenschutz.de\/index.php\/kontakt\/#breadcrumb"},"inLanguage":"de","potentialAction":[{"@type":"ReadAction","target":["https:\/\/www.janisch-insektenschutz.de\/index.php\/kontakt\/"]}]},{"@type":"ImageObject","inLanguage":"de","@id":"https:\/\/www.janisch-insektenschutz.de\/index.php\/kontakt\/#primaryimage","url":"https:\/\/www.janisch-insektenschutz.de\/wp-content\/uploads\/2024\/03\/6.jpg","contentUrl":"https:\/\/www.janisch-insektenschutz.de\/wp-content\/uploads\/2024\/03\/6.jpg","width":1920,"height":950},{"@type":"BreadcrumbList","@id":"https:\/\/www.janisch-insektenschutz.de\/index.php\/kontakt\/#breadcrumb","itemListElement":[{"@type":"ListItem","position":1,"name":"Startseite","item":"https:\/\/www.janisch-insektenschutz.de\/"},{"@type":"ListItem","position":2,"name":"Kontakt"}]},{"@type":"WebSite","@id":"\/#website","url":"\/","name":"Janisch Insektenschutz J\u00fcchen","description":"Insektenschutz nach Ma\u00df","publisher":{"@id":"\/#organization"},"potentialAction":[{"@type":"SearchAction","target":{"@type":"EntryPoint","urlTemplate":"\/?s={search_term_string}"},"query-input":{"@type":"PropertyValueSpecification","valueRequired":true,"valueName":"search_term_string"}}],"inLanguage":"de"},{"@type":"Organization","@id":"\/#organization","name":"Janisch Insektenschutz J\u00fcchen","url":"\/","logo":{"@type":"ImageObject","inLanguage":"de","@id":"\/#\/schema\/logo\/image\/","url":"https:\/\/www.janisch-insektenschutz.de\/wp-content\/uploads\/2024\/03\/Janisch_Logo.png","contentUrl":"https:\/\/www.janisch-insektenschutz.de\/wp-content\/uploads\/2024\/03\/Janisch_Logo.png","width":650,"height":150,"caption":"Janisch Insektenschutz J\u00fcchen"},"image":{"@id":"\/#\/schema\/logo\/image\/"}}]}},"_links":{"self":[{"href":"https:\/\/www.janisch-insektenschutz.de\/index.php\/wp-json\/wp\/v2\/pages\/25","targetHints":{"allow":["GET"]}}],"collection":[{"href":"https:\/\/www.janisch-insektenschutz.de\/index.php\/wp-json\/wp\/v2\/pages"}],"about":[{"href":"https:\/\/www.janisch-insektenschutz.de\/index.php\/wp-json\/wp\/v2\/types\/page"}],"author":[{"embeddable":true,"href":"https:\/\/www.janisch-insektenschutz.de\/index.php\/wp-json\/wp\/v2\/users\/1"}],"replies":[{"embeddable":true,"href":"https:\/\/www.janisch-insektenschutz.de\/index.php\/wp-json\/wp\/v2\/comments?post=25"}],"version-history":[{"count":74,"href":"https:\/\/www.janisch-insektenschutz.de\/index.php\/wp-json\/wp\/v2\/pages\/25\/revisions"}],"predecessor-version":[{"id":1654,"href":"https:\/\/www.janisch-insektenschutz.de\/index.php\/wp-json\/wp\/v2\/pages\/25\/revisions\/1654"}],"wp:featuredmedia":[{"embeddable":true,"href":"https:\/\/www.janisch-insektenschutz.de\/index.php\/wp-json\/wp\/v2\/media\/1000"}],"wp:attachment":[{"href":"https:\/\/www.janisch-insektenschutz.de\/index.php\/wp-json\/wp\/v2\/media?parent=25"}],"curies":[{"name":"wp","href":"https:\/\/api.w.org\/{rel}","templated":true}]}}