{"id":52,"date":"2024-03-12T09:41:56","date_gmt":"2024-03-12T08:41:56","guid":{"rendered":"https:\/\/www.janisch-insektenschutz.de\/aufbau\/wordpress\/wordpress\/?page_id=52"},"modified":"2024-03-22T10:18:00","modified_gmt":"2024-03-22T09:18:00","slug":"sonnenschutz","status":"publish","type":"page","link":"https:\/\/www.janisch-insektenschutz.de\/index.php\/sonnenschutz\/","title":{"rendered":"Sonnenschutz-Plissee"},"content":{"rendered":"\t\t<div data-elementor-type=\"wp-page\" data-elementor-id=\"52\" class=\"elementor elementor-52\">\n\t\t\t\t<div class=\"elementor-element elementor-element-11b71b0 e-flex e-con-boxed e-con e-parent\" data-id=\"11b71b0\" data-element_type=\"container\" data-e-type=\"container\">\n\t\t\t\t\t<div class=\"e-con-inner\">\n\t\t\t\t<div class=\"elementor-element elementor-element-1369ff7 elementor-widget elementor-widget-heading\" data-id=\"1369ff7\" data-element_type=\"widget\" data-e-type=\"widget\" data-widget_type=\"heading.default\">\n\t\t\t\t<div class=\"elementor-widget-container\">\n\t\t\t\t\t<h2 class=\"elementor-heading-title elementor-size-default\">Meine Produktauswahl f\u00fcr Sonnenschutz-Plissees <\/h2>\t\t\t\t<\/div>\n\t\t\t\t<\/div>\n\t\t\t\t\t<\/div>\n\t\t\t\t<\/div>\n\t\t<div class=\"elementor-element elementor-element-7adf9fa e-flex e-con-boxed e-con e-parent\" data-id=\"7adf9fa\" data-element_type=\"container\" data-e-type=\"container\">\n\t\t\t\t\t<div class=\"e-con-inner\">\n\t\t\t\t<div class=\"elementor-element elementor-element-b95b1b8 elementor-widget elementor-widget-text-editor\" data-id=\"b95b1b8\" data-element_type=\"widget\" data-e-type=\"widget\" data-widget_type=\"text-editor.default\">\n\t\t\t\t<div class=\"elementor-widget-container\">\n\t\t\t\t\t\t\t\t\t<p>Ich freue mich, Ihnen meine hochwertigen Sonnenschutz-Plissees f\u00fcr Fenster pr\u00e4sentieren zu k\u00f6nnen. Meine ma\u00dfgefertigten Produkte bieten nicht nur effektiven Schutz vor l\u00e4stiger Sonneneinstrahlung, sondern auch eine stilvolle Erg\u00e4nzung f\u00fcr Ihre Wohn- oder Gesch\u00e4ftsr\u00e4ume.<\/p><p>Von eleganten Rollos \u00fcber praktische Plissees bis hin zu modernen Jalousien \u2013 ich habe f\u00fcr jeden Bedarf das\u00a0<strong>passende System.<\/strong> Entdecken Sie jetzt meine vielf\u00e4ltigen Produkte und lassen Sie uns gemeinsam eine ma\u00dfgeschneiderte Sonnenschutz-Plissees f\u00fcr Ihre Fenster finden.<\/p>\t\t\t\t\t\t\t\t<\/div>\n\t\t\t\t<\/div>\n\t\t\t\t<div class=\"elementor-element elementor-element-3b0e7b8 elementor-widget elementor-widget-spacer\" data-id=\"3b0e7b8\" data-element_type=\"widget\" data-e-type=\"widget\" data-widget_type=\"spacer.default\">\n\t\t\t\t<div class=\"elementor-widget-container\">\n\t\t\t\t\t\t\t<div class=\"elementor-spacer\">\n\t\t\t<div class=\"elementor-spacer-inner\"><\/div>\n\t\t<\/div>\n\t\t\t\t\t\t<\/div>\n\t\t\t\t<\/div>\n\t\t\t\t\t<\/div>\n\t\t\t\t<\/div>\n\t\t<div class=\"elementor-element elementor-element-17239b0 e-flex e-con-boxed e-con e-parent\" data-id=\"17239b0\" data-element_type=\"container\" data-e-type=\"container\">\n\t\t\t\t\t<div class=\"e-con-inner\">\n\t\t\t\t<div class=\"elementor-element elementor-element-484436e e-transform elementor-widget elementor-widget-image\" data-id=\"484436e\" data-element_type=\"widget\" data-e-type=\"widget\" data-settings=\"{&quot;_transform_translateY_effect_hover&quot;:{&quot;unit&quot;:&quot;px&quot;,&quot;size&quot;:-20,&quot;sizes&quot;:[]},&quot;_transform_translateX_effect_hover&quot;:{&quot;unit&quot;:&quot;px&quot;,&quot;size&quot;:&quot;&quot;,&quot;sizes&quot;:[]},&quot;_transform_translateX_effect_hover_tablet&quot;:{&quot;unit&quot;:&quot;px&quot;,&quot;size&quot;:&quot;&quot;,&quot;sizes&quot;:[]},&quot;_transform_translateX_effect_hover_mobile&quot;:{&quot;unit&quot;:&quot;px&quot;,&quot;size&quot;:&quot;&quot;,&quot;sizes&quot;:[]},&quot;_transform_translateY_effect_hover_tablet&quot;:{&quot;unit&quot;:&quot;px&quot;,&quot;size&quot;:&quot;&quot;,&quot;sizes&quot;:[]},&quot;_transform_translateY_effect_hover_mobile&quot;:{&quot;unit&quot;:&quot;px&quot;,&quot;size&quot;:&quot;&quot;,&quot;sizes&quot;:[]}}\" data-widget_type=\"image.default\">\n\t\t\t\t<div class=\"elementor-widget-container\">\n\t\t\t\t\t\t\t\t\t\t\t\t<figure class=\"wp-caption\">\n\t\t\t\t\t\t\t\t\t\t\t<a href=\"https:\/\/www.janisch-insektenschutz.de\/?page_id=54\">\n\t\t\t\t\t\t\t<img fetchpriority=\"high\" decoding=\"async\" width=\"300\" height=\"300\" src=\"https:\/\/www.janisch-insektenschutz.de\/wp-content\/uploads\/2024\/03\/Produkte12-300x300.jpg\" class=\"attachment-medium size-medium wp-image-706\" alt=\"\" srcset=\"https:\/\/www.janisch-insektenschutz.de\/wp-content\/uploads\/2024\/03\/Produkte12-300x300.jpg 300w, https:\/\/www.janisch-insektenschutz.de\/wp-content\/uploads\/2024\/03\/Produkte12-150x150.jpg 150w, https:\/\/www.janisch-insektenschutz.de\/wp-content\/uploads\/2024\/03\/Produkte12-768x768.jpg 768w, https:\/\/www.janisch-insektenschutz.de\/wp-content\/uploads\/2024\/03\/Produkte12.jpg 867w\" sizes=\"(max-width: 300px) 100vw, 300px\" \/>\t\t\t\t\t\t\t\t<\/a>\n\t\t\t\t\t\t\t\t\t\t\t<figcaption class=\"widget-image-caption wp-caption-text\">Plissee<\/figcaption>\n\t\t\t\t\t\t\t\t\t\t<\/figure>\n\t\t\t\t\t\t\t\t\t<\/div>\n\t\t\t\t<\/div>\n\t\t\t\t<div class=\"elementor-element elementor-element-4676ae3 e-transform elementor-widget elementor-widget-image\" data-id=\"4676ae3\" data-element_type=\"widget\" data-e-type=\"widget\" data-settings=\"{&quot;_transform_translateY_effect_hover&quot;:{&quot;unit&quot;:&quot;px&quot;,&quot;size&quot;:-20,&quot;sizes&quot;:[]},&quot;_transform_translateX_effect_hover&quot;:{&quot;unit&quot;:&quot;px&quot;,&quot;size&quot;:&quot;&quot;,&quot;sizes&quot;:[]},&quot;_transform_translateX_effect_hover_tablet&quot;:{&quot;unit&quot;:&quot;px&quot;,&quot;size&quot;:&quot;&quot;,&quot;sizes&quot;:[]},&quot;_transform_translateX_effect_hover_mobile&quot;:{&quot;unit&quot;:&quot;px&quot;,&quot;size&quot;:&quot;&quot;,&quot;sizes&quot;:[]},&quot;_transform_translateY_effect_hover_tablet&quot;:{&quot;unit&quot;:&quot;px&quot;,&quot;size&quot;:&quot;&quot;,&quot;sizes&quot;:[]},&quot;_transform_translateY_effect_hover_mobile&quot;:{&quot;unit&quot;:&quot;px&quot;,&quot;size&quot;:&quot;&quot;,&quot;sizes&quot;:[]}}\" data-widget_type=\"image.default\">\n\t\t\t\t<div class=\"elementor-widget-container\">\n\t\t\t\t\t\t\t\t\t\t\t\t<figure class=\"wp-caption\">\n\t\t\t\t\t\t\t\t\t\t\t<a href=\"https:\/\/www.janisch-insektenschutz.de\/?page_id=56\">\n\t\t\t\t\t\t\t<img decoding=\"async\" width=\"300\" height=\"300\" src=\"https:\/\/www.janisch-insektenschutz.de\/wp-content\/uploads\/2024\/03\/Produkte13-300x300.jpg\" class=\"attachment-medium size-medium wp-image-707\" alt=\"\" srcset=\"https:\/\/www.janisch-insektenschutz.de\/wp-content\/uploads\/2024\/03\/Produkte13-300x300.jpg 300w, https:\/\/www.janisch-insektenschutz.de\/wp-content\/uploads\/2024\/03\/Produkte13-150x150.jpg 150w, https:\/\/www.janisch-insektenschutz.de\/wp-content\/uploads\/2024\/03\/Produkte13-768x768.jpg 768w, https:\/\/www.janisch-insektenschutz.de\/wp-content\/uploads\/2024\/03\/Produkte13.jpg 867w\" sizes=\"(max-width: 300px) 100vw, 300px\" \/>\t\t\t\t\t\t\t\t<\/a>\n\t\t\t\t\t\t\t\t\t\t\t<figcaption class=\"widget-image-caption wp-caption-text\">Sonnenschutz Sonderformen<\/figcaption>\n\t\t\t\t\t\t\t\t\t\t<\/figure>\n\t\t\t\t\t\t\t\t\t<\/div>\n\t\t\t\t<\/div>\n\t\t\t\t<div class=\"elementor-element elementor-element-87f0c4a e-transform elementor-widget elementor-widget-image\" data-id=\"87f0c4a\" data-element_type=\"widget\" data-e-type=\"widget\" data-settings=\"{&quot;_transform_translateY_effect_hover&quot;:{&quot;unit&quot;:&quot;px&quot;,&quot;size&quot;:-20,&quot;sizes&quot;:[]},&quot;_transform_translateX_effect_hover&quot;:{&quot;unit&quot;:&quot;px&quot;,&quot;size&quot;:&quot;&quot;,&quot;sizes&quot;:[]},&quot;_transform_translateX_effect_hover_tablet&quot;:{&quot;unit&quot;:&quot;px&quot;,&quot;size&quot;:&quot;&quot;,&quot;sizes&quot;:[]},&quot;_transform_translateX_effect_hover_mobile&quot;:{&quot;unit&quot;:&quot;px&quot;,&quot;size&quot;:&quot;&quot;,&quot;sizes&quot;:[]},&quot;_transform_translateY_effect_hover_tablet&quot;:{&quot;unit&quot;:&quot;px&quot;,&quot;size&quot;:&quot;&quot;,&quot;sizes&quot;:[]},&quot;_transform_translateY_effect_hover_mobile&quot;:{&quot;unit&quot;:&quot;px&quot;,&quot;size&quot;:&quot;&quot;,&quot;sizes&quot;:[]}}\" data-widget_type=\"image.default\">\n\t\t\t\t<div class=\"elementor-widget-container\">\n\t\t\t\t\t\t\t\t\t\t\t\t<figure class=\"wp-caption\">\n\t\t\t\t\t\t\t\t\t\t\t<a href=\"https:\/\/www.janisch-insektenschutz.de\/?page_id=1096\">\n\t\t\t\t\t\t\t<img decoding=\"async\" width=\"300\" height=\"300\" src=\"https:\/\/www.janisch-insektenschutz.de\/wp-content\/uploads\/2024\/03\/Bild-Dach-300x300.jpg\" class=\"attachment-medium size-medium wp-image-1098\" alt=\"\" srcset=\"https:\/\/www.janisch-insektenschutz.de\/wp-content\/uploads\/2024\/03\/Bild-Dach-300x300.jpg 300w, https:\/\/www.janisch-insektenschutz.de\/wp-content\/uploads\/2024\/03\/Bild-Dach-150x150.jpg 150w, https:\/\/www.janisch-insektenschutz.de\/wp-content\/uploads\/2024\/03\/Bild-Dach.jpg 650w\" sizes=\"(max-width: 300px) 100vw, 300px\" \/>\t\t\t\t\t\t\t\t<\/a>\n\t\t\t\t\t\t\t\t\t\t\t<figcaption class=\"widget-image-caption wp-caption-text\">Plissee f\u00fcr Dachfenster <\/figcaption>\n\t\t\t\t\t\t\t\t\t\t<\/figure>\n\t\t\t\t\t\t\t\t\t<\/div>\n\t\t\t\t<\/div>\n\t\t\t\t\t<\/div>\n\t\t\t\t<\/div>\n\t\t\t\t<\/div>\n\t\t","protected":false},"excerpt":{"rendered":"<p>Meine Produktauswahl f\u00fcr Sonnenschutz-Plissees Ich freue mich, Ihnen meine hochwertigen Sonnenschutz-Plissees f\u00fcr Fenster pr\u00e4sentieren zu k\u00f6nnen. Meine ma\u00dfgefertigten Produkte bieten nicht nur effektiven Schutz vor l\u00e4stiger Sonneneinstrahlung, sondern auch eine stilvolle Erg\u00e4nzung f\u00fcr Ihre Wohn- oder Gesch\u00e4ftsr\u00e4ume. Von eleganten Rollos \u00fcber praktische Plissees bis hin zu modernen Jalousien \u2013 ich habe f\u00fcr jeden Bedarf das\u00a0passende&hellip; <br \/> <a class=\"read-more\" href=\"https:\/\/www.janisch-insektenschutz.de\/index.php\/sonnenschutz\/\">Weiterlesen<\/a><\/p>\n","protected":false},"author":1,"featured_media":997,"parent":0,"menu_order":0,"comment_status":"closed","ping_status":"closed","template":"","meta":{"footnotes":""},"class_list":["post-52","page","type-page","status-publish","has-post-thumbnail","hentry"],"yoast_head":"<!-- This site is optimized with the Yoast SEO plugin v27.4 - https:\/\/yoast.com\/product\/yoast-seo-wordpress\/ -->\n<title>Janisch Insektenschutz Sonnenschutz-Plissee<\/title>\n<meta name=\"description\" content=\"F\u00fcr alle umweltfreundlichen Insektenschutzfragen sowie Gegebenheiten biete ich Ihnen den perfekten Insektenschutz nach Ma\u00df.\" \/>\n<meta name=\"robots\" content=\"index, follow, max-snippet:-1, max-image-preview:large, max-video-preview:-1\" \/>\n<link rel=\"canonical\" href=\"https:\/\/www.janisch-insektenschutz.de\/index.php\/sonnenschutz\/\" \/>\n<meta property=\"og:locale\" content=\"de_DE\" \/>\n<meta property=\"og:type\" content=\"article\" \/>\n<meta property=\"og:title\" content=\"Janisch Insektenschutz Sonnenschutz-Plissee\" \/>\n<meta property=\"og:description\" content=\"F\u00fcr alle umweltfreundlichen Insektenschutzfragen sowie Gegebenheiten biete ich Ihnen den perfekten Insektenschutz nach Ma\u00df.\" \/>\n<meta property=\"og:url\" content=\"https:\/\/www.janisch-insektenschutz.de\/index.php\/sonnenschutz\/\" \/>\n<meta property=\"og:site_name\" content=\"Janisch Insektenschutz J\u00fcchen\" \/>\n<meta property=\"article:modified_time\" content=\"2024-03-22T09:18:00+00:00\" \/>\n<meta property=\"og:image\" content=\"https:\/\/www.janisch-insektenschutz.de\/wp-content\/uploads\/2024\/03\/3.jpg\" \/>\n\t<meta property=\"og:image:width\" content=\"1920\" \/>\n\t<meta property=\"og:image:height\" content=\"950\" \/>\n\t<meta property=\"og:image:type\" content=\"image\/jpeg\" \/>\n<meta name=\"twitter:card\" content=\"summary_large_image\" \/>\n<script type=\"application\/ld+json\" class=\"yoast-schema-graph\">{\"@context\":\"https:\\\/\\\/schema.org\",\"@graph\":[{\"@type\":\"WebPage\",\"@id\":\"https:\\\/\\\/www.janisch-insektenschutz.de\\\/index.php\\\/sonnenschutz\\\/\",\"url\":\"https:\\\/\\\/www.janisch-insektenschutz.de\\\/index.php\\\/sonnenschutz\\\/\",\"name\":\"Janisch Insektenschutz Sonnenschutz-Plissee\",\"isPartOf\":{\"@id\":\"\\\/#website\"},\"primaryImageOfPage\":{\"@id\":\"https:\\\/\\\/www.janisch-insektenschutz.de\\\/index.php\\\/sonnenschutz\\\/#primaryimage\"},\"image\":{\"@id\":\"https:\\\/\\\/www.janisch-insektenschutz.de\\\/index.php\\\/sonnenschutz\\\/#primaryimage\"},\"thumbnailUrl\":\"https:\\\/\\\/www.janisch-insektenschutz.de\\\/wp-content\\\/uploads\\\/2024\\\/03\\\/3.jpg\",\"datePublished\":\"2024-03-12T08:41:56+00:00\",\"dateModified\":\"2024-03-22T09:18:00+00:00\",\"description\":\"F\u00fcr alle umweltfreundlichen Insektenschutzfragen sowie Gegebenheiten biete ich Ihnen den perfekten Insektenschutz nach Ma\u00df.\",\"breadcrumb\":{\"@id\":\"https:\\\/\\\/www.janisch-insektenschutz.de\\\/index.php\\\/sonnenschutz\\\/#breadcrumb\"},\"inLanguage\":\"de\",\"potentialAction\":[{\"@type\":\"ReadAction\",\"target\":[\"https:\\\/\\\/www.janisch-insektenschutz.de\\\/index.php\\\/sonnenschutz\\\/\"]}]},{\"@type\":\"ImageObject\",\"inLanguage\":\"de\",\"@id\":\"https:\\\/\\\/www.janisch-insektenschutz.de\\\/index.php\\\/sonnenschutz\\\/#primaryimage\",\"url\":\"https:\\\/\\\/www.janisch-insektenschutz.de\\\/wp-content\\\/uploads\\\/2024\\\/03\\\/3.jpg\",\"contentUrl\":\"https:\\\/\\\/www.janisch-insektenschutz.de\\\/wp-content\\\/uploads\\\/2024\\\/03\\\/3.jpg\",\"width\":1920,\"height\":950},{\"@type\":\"BreadcrumbList\",\"@id\":\"https:\\\/\\\/www.janisch-insektenschutz.de\\\/index.php\\\/sonnenschutz\\\/#breadcrumb\",\"itemListElement\":[{\"@type\":\"ListItem\",\"position\":1,\"name\":\"Startseite\",\"item\":\"https:\\\/\\\/www.janisch-insektenschutz.de\\\/\"},{\"@type\":\"ListItem\",\"position\":2,\"name\":\"Sonnenschutz-Plissee\"}]},{\"@type\":\"WebSite\",\"@id\":\"\\\/#website\",\"url\":\"\\\/\",\"name\":\"Janisch Insektenschutz J\u00fcchen\",\"description\":\"Insektenschutz nach Ma\u00df\",\"publisher\":{\"@id\":\"\\\/#organization\"},\"potentialAction\":[{\"@type\":\"SearchAction\",\"target\":{\"@type\":\"EntryPoint\",\"urlTemplate\":\"\\\/?s={search_term_string}\"},\"query-input\":{\"@type\":\"PropertyValueSpecification\",\"valueRequired\":true,\"valueName\":\"search_term_string\"}}],\"inLanguage\":\"de\"},{\"@type\":\"Organization\",\"@id\":\"\\\/#organization\",\"name\":\"Janisch Insektenschutz J\u00fcchen\",\"url\":\"\\\/\",\"logo\":{\"@type\":\"ImageObject\",\"inLanguage\":\"de\",\"@id\":\"\\\/#\\\/schema\\\/logo\\\/image\\\/\",\"url\":\"https:\\\/\\\/www.janisch-insektenschutz.de\\\/wp-content\\\/uploads\\\/2024\\\/03\\\/Janisch_Logo.png\",\"contentUrl\":\"https:\\\/\\\/www.janisch-insektenschutz.de\\\/wp-content\\\/uploads\\\/2024\\\/03\\\/Janisch_Logo.png\",\"width\":650,\"height\":150,\"caption\":\"Janisch Insektenschutz J\u00fcchen\"},\"image\":{\"@id\":\"\\\/#\\\/schema\\\/logo\\\/image\\\/\"}}]}<\/script>\n<!-- \/ Yoast SEO plugin. -->","yoast_head_json":{"title":"Janisch Insektenschutz Sonnenschutz-Plissee","description":"F\u00fcr alle umweltfreundlichen Insektenschutzfragen sowie Gegebenheiten biete ich Ihnen den perfekten Insektenschutz nach Ma\u00df.","robots":{"index":"index","follow":"follow","max-snippet":"max-snippet:-1","max-image-preview":"max-image-preview:large","max-video-preview":"max-video-preview:-1"},"canonical":"https:\/\/www.janisch-insektenschutz.de\/index.php\/sonnenschutz\/","og_locale":"de_DE","og_type":"article","og_title":"Janisch Insektenschutz Sonnenschutz-Plissee","og_description":"F\u00fcr alle umweltfreundlichen Insektenschutzfragen sowie Gegebenheiten biete ich Ihnen den perfekten Insektenschutz nach Ma\u00df.","og_url":"https:\/\/www.janisch-insektenschutz.de\/index.php\/sonnenschutz\/","og_site_name":"Janisch Insektenschutz J\u00fcchen","article_modified_time":"2024-03-22T09:18:00+00:00","og_image":[{"width":1920,"height":950,"url":"https:\/\/www.janisch-insektenschutz.de\/wp-content\/uploads\/2024\/03\/3.jpg","type":"image\/jpeg"}],"twitter_card":"summary_large_image","schema":{"@context":"https:\/\/schema.org","@graph":[{"@type":"WebPage","@id":"https:\/\/www.janisch-insektenschutz.de\/index.php\/sonnenschutz\/","url":"https:\/\/www.janisch-insektenschutz.de\/index.php\/sonnenschutz\/","name":"Janisch Insektenschutz Sonnenschutz-Plissee","isPartOf":{"@id":"\/#website"},"primaryImageOfPage":{"@id":"https:\/\/www.janisch-insektenschutz.de\/index.php\/sonnenschutz\/#primaryimage"},"image":{"@id":"https:\/\/www.janisch-insektenschutz.de\/index.php\/sonnenschutz\/#primaryimage"},"thumbnailUrl":"https:\/\/www.janisch-insektenschutz.de\/wp-content\/uploads\/2024\/03\/3.jpg","datePublished":"2024-03-12T08:41:56+00:00","dateModified":"2024-03-22T09:18:00+00:00","description":"F\u00fcr alle umweltfreundlichen Insektenschutzfragen sowie Gegebenheiten biete ich Ihnen den perfekten Insektenschutz nach Ma\u00df.","breadcrumb":{"@id":"https:\/\/www.janisch-insektenschutz.de\/index.php\/sonnenschutz\/#breadcrumb"},"inLanguage":"de","potentialAction":[{"@type":"ReadAction","target":["https:\/\/www.janisch-insektenschutz.de\/index.php\/sonnenschutz\/"]}]},{"@type":"ImageObject","inLanguage":"de","@id":"https:\/\/www.janisch-insektenschutz.de\/index.php\/sonnenschutz\/#primaryimage","url":"https:\/\/www.janisch-insektenschutz.de\/wp-content\/uploads\/2024\/03\/3.jpg","contentUrl":"https:\/\/www.janisch-insektenschutz.de\/wp-content\/uploads\/2024\/03\/3.jpg","width":1920,"height":950},{"@type":"BreadcrumbList","@id":"https:\/\/www.janisch-insektenschutz.de\/index.php\/sonnenschutz\/#breadcrumb","itemListElement":[{"@type":"ListItem","position":1,"name":"Startseite","item":"https:\/\/www.janisch-insektenschutz.de\/"},{"@type":"ListItem","position":2,"name":"Sonnenschutz-Plissee"}]},{"@type":"WebSite","@id":"\/#website","url":"\/","name":"Janisch Insektenschutz J\u00fcchen","description":"Insektenschutz nach Ma\u00df","publisher":{"@id":"\/#organization"},"potentialAction":[{"@type":"SearchAction","target":{"@type":"EntryPoint","urlTemplate":"\/?s={search_term_string}"},"query-input":{"@type":"PropertyValueSpecification","valueRequired":true,"valueName":"search_term_string"}}],"inLanguage":"de"},{"@type":"Organization","@id":"\/#organization","name":"Janisch Insektenschutz J\u00fcchen","url":"\/","logo":{"@type":"ImageObject","inLanguage":"de","@id":"\/#\/schema\/logo\/image\/","url":"https:\/\/www.janisch-insektenschutz.de\/wp-content\/uploads\/2024\/03\/Janisch_Logo.png","contentUrl":"https:\/\/www.janisch-insektenschutz.de\/wp-content\/uploads\/2024\/03\/Janisch_Logo.png","width":650,"height":150,"caption":"Janisch Insektenschutz J\u00fcchen"},"image":{"@id":"\/#\/schema\/logo\/image\/"}}]}},"_links":{"self":[{"href":"https:\/\/www.janisch-insektenschutz.de\/index.php\/wp-json\/wp\/v2\/pages\/52","targetHints":{"allow":["GET"]}}],"collection":[{"href":"https:\/\/www.janisch-insektenschutz.de\/index.php\/wp-json\/wp\/v2\/pages"}],"about":[{"href":"https:\/\/www.janisch-insektenschutz.de\/index.php\/wp-json\/wp\/v2\/types\/page"}],"author":[{"embeddable":true,"href":"https:\/\/www.janisch-insektenschutz.de\/index.php\/wp-json\/wp\/v2\/users\/1"}],"replies":[{"embeddable":true,"href":"https:\/\/www.janisch-insektenschutz.de\/index.php\/wp-json\/wp\/v2\/comments?post=52"}],"version-history":[{"count":32,"href":"https:\/\/www.janisch-insektenschutz.de\/index.php\/wp-json\/wp\/v2\/pages\/52\/revisions"}],"predecessor-version":[{"id":1449,"href":"https:\/\/www.janisch-insektenschutz.de\/index.php\/wp-json\/wp\/v2\/pages\/52\/revisions\/1449"}],"wp:featuredmedia":[{"embeddable":true,"href":"https:\/\/www.janisch-insektenschutz.de\/index.php\/wp-json\/wp\/v2\/media\/997"}],"wp:attachment":[{"href":"https:\/\/www.janisch-insektenschutz.de\/index.php\/wp-json\/wp\/v2\/media?parent=52"}],"curies":[{"name":"wp","href":"https:\/\/api.w.org\/{rel}","templated":true}]}}