{"id":54,"date":"2024-03-12T09:42:05","date_gmt":"2024-03-12T08:42:05","guid":{"rendered":"https:\/\/www.janisch-insektenschutz.de\/aufbau\/wordpress\/wordpress\/?page_id=54"},"modified":"2024-03-21T14:26:21","modified_gmt":"2024-03-21T13:26:21","slug":"plissee","status":"publish","type":"page","link":"https:\/\/www.janisch-insektenschutz.de\/index.php\/plissee\/","title":{"rendered":"Pliss\u00e9e"},"content":{"rendered":"\t\t<div data-elementor-type=\"wp-page\" data-elementor-id=\"54\" class=\"elementor elementor-54\">\n\t\t\t\t<div class=\"elementor-element elementor-element-ef44eca e-flex e-con-boxed e-con e-parent\" data-id=\"ef44eca\" data-element_type=\"container\" data-e-type=\"container\">\n\t\t\t\t\t<div class=\"e-con-inner\">\n\t\t\t\t<div class=\"elementor-element elementor-element-a242935 elementor-widget__width-initial elementor-widget elementor-widget-image\" data-id=\"a242935\" data-element_type=\"widget\" data-e-type=\"widget\" data-widget_type=\"image.default\">\n\t\t\t\t<div class=\"elementor-widget-container\">\n\t\t\t\t\t\t\t\t\t\t\t\t\t\t\t<img fetchpriority=\"high\" decoding=\"async\" width=\"867\" height=\"867\" src=\"https:\/\/www.janisch-insektenschutz.de\/wp-content\/uploads\/2024\/03\/Produkte12.jpg\" class=\"attachment-large size-large wp-image-706\" alt=\"\" srcset=\"https:\/\/www.janisch-insektenschutz.de\/wp-content\/uploads\/2024\/03\/Produkte12.jpg 867w, https:\/\/www.janisch-insektenschutz.de\/wp-content\/uploads\/2024\/03\/Produkte12-300x300.jpg 300w, https:\/\/www.janisch-insektenschutz.de\/wp-content\/uploads\/2024\/03\/Produkte12-150x150.jpg 150w, https:\/\/www.janisch-insektenschutz.de\/wp-content\/uploads\/2024\/03\/Produkte12-768x768.jpg 768w\" sizes=\"(max-width: 867px) 100vw, 867px\" \/>\t\t\t\t\t\t\t\t\t\t\t\t\t\t\t<\/div>\n\t\t\t\t<\/div>\n\t\t\t\t<div class=\"elementor-element elementor-element-7f11406 elementor-widget elementor-widget-text-editor\" data-id=\"7f11406\" data-element_type=\"widget\" data-e-type=\"widget\" data-widget_type=\"text-editor.default\">\n\t\t\t\t<div class=\"elementor-widget-container\">\n\t\t\t\t\t\t\t\t\t<p class=\"fliestext\" align=\"left\">Die V\u00f6gel zwitschern, die Blumen bl\u00fchen und die Sonne scheint. Eigentlich eine sch\u00f6ne Vorstellung, wenn die grell scheinende Sonne Sie nicht beim Arbeiten oder Entspannen st\u00f6ren w\u00fcrde. Sie reflektiert im Monitor, so dass konzentriertes Arbeiten unm\u00f6glich ist, sie l\u00e4sst Sie nicht Ihre Lieblingsserie im TV schauen oder blendet beim Mittagessen, so dass Sie Ihr Gegen\u00fcber kaum sehen k\u00f6nnen? Die einfache L\u00f6sung: Sonnenschutz.<\/p><p class=\"fliestext\"><strong>Und zwar Sonnenschutz in bester Qualit\u00e4t und Individualit\u00e4t.<\/strong><\/p><p class=\"fliestext\">Sie haben Ihr Zuhause sicherlich mit gro\u00dfer Liebe zum Detail eingerichtet und dekoriert &#8211; wieso dann beim Sonnenschutz aufh\u00f6ren? Frank Janisch Ihr Raumausstatter, der Fachbetrieb in Ihrer N\u00e4he, bietet Ihnen Sonnenschutzprodukte f\u00fcr Fenster und T\u00fcren nach genau Ihren W\u00fcnschen.<\/p>\t\t\t\t\t\t\t\t<\/div>\n\t\t\t\t<\/div>\n\t\t\t\t\t<\/div>\n\t\t\t\t<\/div>\n\t\t<div class=\"elementor-element elementor-element-95f4a9b e-flex e-con-boxed e-con e-parent\" data-id=\"95f4a9b\" data-element_type=\"container\" data-e-type=\"container\">\n\t\t\t\t\t<div class=\"e-con-inner\">\n\t\t\t\t<div class=\"elementor-element elementor-element-427483c elementor-widget elementor-widget-text-editor\" data-id=\"427483c\" data-element_type=\"widget\" data-e-type=\"widget\" data-widget_type=\"text-editor.default\">\n\t\t\t\t<div class=\"elementor-widget-container\">\n\t\t\t\t\t\t\t\t\t<p class=\"fliestext\"><strong>Das Pliss\u00e9e<\/strong> verbindet die schlichte Eleganz eines Rollos mit einer unvergleichbaren Flexibilit\u00e4t. So ist es mit dem Sonnenschutz Plissee ganz einfach m\u00f6glich, genau den Bereich Ihres Fensters zu verdunkeln, wie Sie es ben\u00f6tigen. Im Handumdrehen k\u00f6nnen Sie das <strong>Pliss\u00e9e<\/strong> komplett zuziehen, so dass Ihr gesamtes Fenster vor Sonne oder fremden Blicken aus der Nachbarschaft gesch\u00fctzt ist, im n\u00e4chsten Moment k\u00f6nnen Sie beispielsweise auch nur den mittleren Teil des Fensters abdecken, so dass oben und unten noch Licht in Ihren Wohnraum einstr\u00f6men kann.<\/p><p class=\"fliestext\">Meine <strong>Pliss\u00e9es<\/strong> werden, wie alle Sonnenschutzprodukte, so individuell produziert wie Sie es w\u00fcnschen. Es stehen Ihnen verschiedene Farben und Muster zur Verf\u00fcgung, so dass ich in jeden Fall etwas passendes f\u00fcr Ihr Wohnambiente finden werde.<\/p><p class=\"fliestext\">Genau wie Farben und Muster, ist auch die Montage komplett individuell umsetzbar: Ich montiere und verspanne Ihre neuen Plissee pers\u00f6nlich, <strong>auf Wunsch<\/strong> kann der Spannschuh auch ohne bohren am Fensterfl\u00fcgel befestigt werden, das geschieht durch Halter die am Fl\u00fcgel verklemmt werden. Zudem haben Sie die Wahl zwischen verschiedenen Bedienelementen wie Griff, Zugschnur und Kette zum \u00d6ffnen und Schlie\u00dfen.<\/p><p class=\"fliestext\">\u00a0<\/p>\t\t\t\t\t\t\t\t<\/div>\n\t\t\t\t<\/div>\n\t\t\t\t<div class=\"elementor-element elementor-element-0daa8db elementor-widget elementor-widget-spacer\" data-id=\"0daa8db\" data-element_type=\"widget\" data-e-type=\"widget\" data-widget_type=\"spacer.default\">\n\t\t\t\t<div class=\"elementor-widget-container\">\n\t\t\t\t\t\t\t<div class=\"elementor-spacer\">\n\t\t\t<div class=\"elementor-spacer-inner\"><\/div>\n\t\t<\/div>\n\t\t\t\t\t\t<\/div>\n\t\t\t\t<\/div>\n\t\t\t\t\t<\/div>\n\t\t\t\t<\/div>\n\t\t<div class=\"elementor-element elementor-element-fc60225 e-flex e-con-boxed e-con e-parent\" data-id=\"fc60225\" data-element_type=\"container\" data-e-type=\"container\">\n\t\t\t\t\t<div class=\"e-con-inner\">\n\t\t\t\t<div class=\"elementor-element elementor-element-fd8b2a4 e-transform elementor-widget elementor-widget-image\" data-id=\"fd8b2a4\" data-element_type=\"widget\" data-e-type=\"widget\" data-settings=\"{&quot;_transform_translateY_effect_hover&quot;:{&quot;unit&quot;:&quot;px&quot;,&quot;size&quot;:-20,&quot;sizes&quot;:[]},&quot;_transform_translateX_effect_hover&quot;:{&quot;unit&quot;:&quot;px&quot;,&quot;size&quot;:&quot;&quot;,&quot;sizes&quot;:[]},&quot;_transform_translateX_effect_hover_tablet&quot;:{&quot;unit&quot;:&quot;px&quot;,&quot;size&quot;:&quot;&quot;,&quot;sizes&quot;:[]},&quot;_transform_translateX_effect_hover_mobile&quot;:{&quot;unit&quot;:&quot;px&quot;,&quot;size&quot;:&quot;&quot;,&quot;sizes&quot;:[]},&quot;_transform_translateY_effect_hover_tablet&quot;:{&quot;unit&quot;:&quot;px&quot;,&quot;size&quot;:&quot;&quot;,&quot;sizes&quot;:[]},&quot;_transform_translateY_effect_hover_mobile&quot;:{&quot;unit&quot;:&quot;px&quot;,&quot;size&quot;:&quot;&quot;,&quot;sizes&quot;:[]}}\" data-widget_type=\"image.default\">\n\t\t\t\t<div class=\"elementor-widget-container\">\n\t\t\t\t\t\t\t\t\t\t\t\t<figure class=\"wp-caption\">\n\t\t\t\t\t\t\t\t\t\t\t<a href=\"https:\/\/www.janisch-insektenschutz.de\/?page_id=54\">\n\t\t\t\t\t\t\t<img decoding=\"async\" width=\"300\" height=\"300\" src=\"https:\/\/www.janisch-insektenschutz.de\/wp-content\/uploads\/2024\/03\/Produkte12-300x300.jpg\" class=\"attachment-medium size-medium wp-image-706\" alt=\"\" srcset=\"https:\/\/www.janisch-insektenschutz.de\/wp-content\/uploads\/2024\/03\/Produkte12-300x300.jpg 300w, https:\/\/www.janisch-insektenschutz.de\/wp-content\/uploads\/2024\/03\/Produkte12-150x150.jpg 150w, https:\/\/www.janisch-insektenschutz.de\/wp-content\/uploads\/2024\/03\/Produkte12-768x768.jpg 768w, https:\/\/www.janisch-insektenschutz.de\/wp-content\/uploads\/2024\/03\/Produkte12.jpg 867w\" sizes=\"(max-width: 300px) 100vw, 300px\" \/>\t\t\t\t\t\t\t\t<\/a>\n\t\t\t\t\t\t\t\t\t\t\t<figcaption class=\"widget-image-caption wp-caption-text\">Plissee<\/figcaption>\n\t\t\t\t\t\t\t\t\t\t<\/figure>\n\t\t\t\t\t\t\t\t\t<\/div>\n\t\t\t\t<\/div>\n\t\t\t\t<div class=\"elementor-element elementor-element-b2d0656 e-transform elementor-widget elementor-widget-image\" data-id=\"b2d0656\" data-element_type=\"widget\" data-e-type=\"widget\" data-settings=\"{&quot;_transform_translateY_effect_hover&quot;:{&quot;unit&quot;:&quot;px&quot;,&quot;size&quot;:-20,&quot;sizes&quot;:[]},&quot;_transform_translateX_effect_hover&quot;:{&quot;unit&quot;:&quot;px&quot;,&quot;size&quot;:&quot;&quot;,&quot;sizes&quot;:[]},&quot;_transform_translateX_effect_hover_tablet&quot;:{&quot;unit&quot;:&quot;px&quot;,&quot;size&quot;:&quot;&quot;,&quot;sizes&quot;:[]},&quot;_transform_translateX_effect_hover_mobile&quot;:{&quot;unit&quot;:&quot;px&quot;,&quot;size&quot;:&quot;&quot;,&quot;sizes&quot;:[]},&quot;_transform_translateY_effect_hover_tablet&quot;:{&quot;unit&quot;:&quot;px&quot;,&quot;size&quot;:&quot;&quot;,&quot;sizes&quot;:[]},&quot;_transform_translateY_effect_hover_mobile&quot;:{&quot;unit&quot;:&quot;px&quot;,&quot;size&quot;:&quot;&quot;,&quot;sizes&quot;:[]}}\" data-widget_type=\"image.default\">\n\t\t\t\t<div class=\"elementor-widget-container\">\n\t\t\t\t\t\t\t\t\t\t\t\t<figure class=\"wp-caption\">\n\t\t\t\t\t\t\t\t\t\t\t<a href=\"https:\/\/www.janisch-insektenschutz.de\/?page_id=56\">\n\t\t\t\t\t\t\t<img decoding=\"async\" width=\"300\" height=\"300\" src=\"https:\/\/www.janisch-insektenschutz.de\/wp-content\/uploads\/2024\/03\/Produkte13-300x300.jpg\" class=\"attachment-medium size-medium wp-image-707\" alt=\"\" srcset=\"https:\/\/www.janisch-insektenschutz.de\/wp-content\/uploads\/2024\/03\/Produkte13-300x300.jpg 300w, https:\/\/www.janisch-insektenschutz.de\/wp-content\/uploads\/2024\/03\/Produkte13-150x150.jpg 150w, https:\/\/www.janisch-insektenschutz.de\/wp-content\/uploads\/2024\/03\/Produkte13-768x768.jpg 768w, https:\/\/www.janisch-insektenschutz.de\/wp-content\/uploads\/2024\/03\/Produkte13.jpg 867w\" sizes=\"(max-width: 300px) 100vw, 300px\" \/>\t\t\t\t\t\t\t\t<\/a>\n\t\t\t\t\t\t\t\t\t\t\t<figcaption class=\"widget-image-caption wp-caption-text\">Sonnenschutz Sonderformen<\/figcaption>\n\t\t\t\t\t\t\t\t\t\t<\/figure>\n\t\t\t\t\t\t\t\t\t<\/div>\n\t\t\t\t<\/div>\n\t\t\t\t<div class=\"elementor-element elementor-element-59e62fe e-transform elementor-widget elementor-widget-image\" data-id=\"59e62fe\" data-element_type=\"widget\" data-e-type=\"widget\" data-settings=\"{&quot;_transform_translateY_effect_hover&quot;:{&quot;unit&quot;:&quot;px&quot;,&quot;size&quot;:-20,&quot;sizes&quot;:[]},&quot;_transform_translateX_effect_hover&quot;:{&quot;unit&quot;:&quot;px&quot;,&quot;size&quot;:&quot;&quot;,&quot;sizes&quot;:[]},&quot;_transform_translateX_effect_hover_tablet&quot;:{&quot;unit&quot;:&quot;px&quot;,&quot;size&quot;:&quot;&quot;,&quot;sizes&quot;:[]},&quot;_transform_translateX_effect_hover_mobile&quot;:{&quot;unit&quot;:&quot;px&quot;,&quot;size&quot;:&quot;&quot;,&quot;sizes&quot;:[]},&quot;_transform_translateY_effect_hover_tablet&quot;:{&quot;unit&quot;:&quot;px&quot;,&quot;size&quot;:&quot;&quot;,&quot;sizes&quot;:[]},&quot;_transform_translateY_effect_hover_mobile&quot;:{&quot;unit&quot;:&quot;px&quot;,&quot;size&quot;:&quot;&quot;,&quot;sizes&quot;:[]}}\" data-widget_type=\"image.default\">\n\t\t\t\t<div class=\"elementor-widget-container\">\n\t\t\t\t\t\t\t\t\t\t\t\t<figure class=\"wp-caption\">\n\t\t\t\t\t\t\t\t\t\t\t<a href=\"https:\/\/www.janisch-insektenschutz.de\/?page_id=1096\">\n\t\t\t\t\t\t\t<img loading=\"lazy\" decoding=\"async\" width=\"300\" height=\"300\" src=\"https:\/\/www.janisch-insektenschutz.de\/wp-content\/uploads\/2024\/03\/Bild-Dach-300x300.jpg\" class=\"attachment-medium size-medium wp-image-1098\" alt=\"\" srcset=\"https:\/\/www.janisch-insektenschutz.de\/wp-content\/uploads\/2024\/03\/Bild-Dach-300x300.jpg 300w, https:\/\/www.janisch-insektenschutz.de\/wp-content\/uploads\/2024\/03\/Bild-Dach-150x150.jpg 150w, https:\/\/www.janisch-insektenschutz.de\/wp-content\/uploads\/2024\/03\/Bild-Dach.jpg 650w\" sizes=\"(max-width: 300px) 100vw, 300px\" \/>\t\t\t\t\t\t\t\t<\/a>\n\t\t\t\t\t\t\t\t\t\t\t<figcaption class=\"widget-image-caption wp-caption-text\">Plissee f\u00fcr Dachfenster <\/figcaption>\n\t\t\t\t\t\t\t\t\t\t<\/figure>\n\t\t\t\t\t\t\t\t\t<\/div>\n\t\t\t\t<\/div>\n\t\t\t\t\t<\/div>\n\t\t\t\t<\/div>\n\t\t\t\t<\/div>\n\t\t","protected":false},"excerpt":{"rendered":"<p>Die V\u00f6gel zwitschern, die Blumen bl\u00fchen und die Sonne scheint. Eigentlich eine sch\u00f6ne Vorstellung, wenn die grell scheinende Sonne Sie nicht beim Arbeiten oder Entspannen st\u00f6ren w\u00fcrde. Sie reflektiert im Monitor, so dass konzentriertes Arbeiten unm\u00f6glich ist, sie l\u00e4sst Sie nicht Ihre Lieblingsserie im TV schauen oder blendet beim Mittagessen, so dass Sie Ihr Gegen\u00fcber&hellip; <br \/> <a class=\"read-more\" href=\"https:\/\/www.janisch-insektenschutz.de\/index.php\/plissee\/\">Weiterlesen<\/a><\/p>\n","protected":false},"author":1,"featured_media":997,"parent":0,"menu_order":0,"comment_status":"closed","ping_status":"closed","template":"","meta":{"footnotes":""},"class_list":["post-54","page","type-page","status-publish","has-post-thumbnail","hentry"],"yoast_head":"<!-- This site is optimized with the Yoast SEO plugin v27.4 - https:\/\/yoast.com\/product\/yoast-seo-wordpress\/ -->\n<title>Janisch Insektenschutz Pliss\u00e9e<\/title>\n<meta name=\"description\" content=\"F\u00fcr alle umweltfreundlichen Insektenschutzfragen sowie Gegebenheiten biete ich Ihnen den perfekten Insektenschutz nach Ma\u00df.\" \/>\n<meta name=\"robots\" content=\"index, follow, max-snippet:-1, max-image-preview:large, max-video-preview:-1\" \/>\n<link rel=\"canonical\" href=\"https:\/\/www.janisch-insektenschutz.de\/index.php\/plissee\/\" \/>\n<meta property=\"og:locale\" content=\"de_DE\" \/>\n<meta property=\"og:type\" content=\"article\" \/>\n<meta property=\"og:title\" content=\"Janisch Insektenschutz Pliss\u00e9e\" \/>\n<meta property=\"og:description\" content=\"F\u00fcr alle umweltfreundlichen Insektenschutzfragen sowie Gegebenheiten biete ich Ihnen den perfekten Insektenschutz nach Ma\u00df.\" \/>\n<meta property=\"og:url\" content=\"https:\/\/www.janisch-insektenschutz.de\/index.php\/plissee\/\" \/>\n<meta property=\"og:site_name\" content=\"Janisch Insektenschutz J\u00fcchen\" \/>\n<meta property=\"article:modified_time\" content=\"2024-03-21T13:26:21+00:00\" \/>\n<meta property=\"og:image\" content=\"https:\/\/www.janisch-insektenschutz.de\/wp-content\/uploads\/2024\/03\/3.jpg\" \/>\n\t<meta property=\"og:image:width\" content=\"1920\" \/>\n\t<meta property=\"og:image:height\" content=\"950\" \/>\n\t<meta property=\"og:image:type\" content=\"image\/jpeg\" \/>\n<meta name=\"twitter:card\" content=\"summary_large_image\" \/>\n<meta name=\"twitter:label1\" content=\"Gesch\u00e4tzte Lesezeit\" \/>\n\t<meta name=\"twitter:data1\" content=\"2\u00a0Minuten\" \/>\n<script type=\"application\/ld+json\" class=\"yoast-schema-graph\">{\"@context\":\"https:\\\/\\\/schema.org\",\"@graph\":[{\"@type\":\"WebPage\",\"@id\":\"https:\\\/\\\/www.janisch-insektenschutz.de\\\/index.php\\\/plissee\\\/\",\"url\":\"https:\\\/\\\/www.janisch-insektenschutz.de\\\/index.php\\\/plissee\\\/\",\"name\":\"Janisch Insektenschutz Pliss\u00e9e\",\"isPartOf\":{\"@id\":\"\\\/#website\"},\"primaryImageOfPage\":{\"@id\":\"https:\\\/\\\/www.janisch-insektenschutz.de\\\/index.php\\\/plissee\\\/#primaryimage\"},\"image\":{\"@id\":\"https:\\\/\\\/www.janisch-insektenschutz.de\\\/index.php\\\/plissee\\\/#primaryimage\"},\"thumbnailUrl\":\"https:\\\/\\\/www.janisch-insektenschutz.de\\\/wp-content\\\/uploads\\\/2024\\\/03\\\/3.jpg\",\"datePublished\":\"2024-03-12T08:42:05+00:00\",\"dateModified\":\"2024-03-21T13:26:21+00:00\",\"description\":\"F\u00fcr alle umweltfreundlichen Insektenschutzfragen sowie Gegebenheiten biete ich Ihnen den perfekten Insektenschutz nach Ma\u00df.\",\"breadcrumb\":{\"@id\":\"https:\\\/\\\/www.janisch-insektenschutz.de\\\/index.php\\\/plissee\\\/#breadcrumb\"},\"inLanguage\":\"de\",\"potentialAction\":[{\"@type\":\"ReadAction\",\"target\":[\"https:\\\/\\\/www.janisch-insektenschutz.de\\\/index.php\\\/plissee\\\/\"]}]},{\"@type\":\"ImageObject\",\"inLanguage\":\"de\",\"@id\":\"https:\\\/\\\/www.janisch-insektenschutz.de\\\/index.php\\\/plissee\\\/#primaryimage\",\"url\":\"https:\\\/\\\/www.janisch-insektenschutz.de\\\/wp-content\\\/uploads\\\/2024\\\/03\\\/3.jpg\",\"contentUrl\":\"https:\\\/\\\/www.janisch-insektenschutz.de\\\/wp-content\\\/uploads\\\/2024\\\/03\\\/3.jpg\",\"width\":1920,\"height\":950},{\"@type\":\"BreadcrumbList\",\"@id\":\"https:\\\/\\\/www.janisch-insektenschutz.de\\\/index.php\\\/plissee\\\/#breadcrumb\",\"itemListElement\":[{\"@type\":\"ListItem\",\"position\":1,\"name\":\"Startseite\",\"item\":\"https:\\\/\\\/www.janisch-insektenschutz.de\\\/\"},{\"@type\":\"ListItem\",\"position\":2,\"name\":\"Pliss\u00e9e\"}]},{\"@type\":\"WebSite\",\"@id\":\"\\\/#website\",\"url\":\"\\\/\",\"name\":\"Janisch Insektenschutz J\u00fcchen\",\"description\":\"Insektenschutz nach Ma\u00df\",\"publisher\":{\"@id\":\"\\\/#organization\"},\"potentialAction\":[{\"@type\":\"SearchAction\",\"target\":{\"@type\":\"EntryPoint\",\"urlTemplate\":\"\\\/?s={search_term_string}\"},\"query-input\":{\"@type\":\"PropertyValueSpecification\",\"valueRequired\":true,\"valueName\":\"search_term_string\"}}],\"inLanguage\":\"de\"},{\"@type\":\"Organization\",\"@id\":\"\\\/#organization\",\"name\":\"Janisch Insektenschutz J\u00fcchen\",\"url\":\"\\\/\",\"logo\":{\"@type\":\"ImageObject\",\"inLanguage\":\"de\",\"@id\":\"\\\/#\\\/schema\\\/logo\\\/image\\\/\",\"url\":\"https:\\\/\\\/www.janisch-insektenschutz.de\\\/wp-content\\\/uploads\\\/2024\\\/03\\\/Janisch_Logo.png\",\"contentUrl\":\"https:\\\/\\\/www.janisch-insektenschutz.de\\\/wp-content\\\/uploads\\\/2024\\\/03\\\/Janisch_Logo.png\",\"width\":650,\"height\":150,\"caption\":\"Janisch Insektenschutz J\u00fcchen\"},\"image\":{\"@id\":\"\\\/#\\\/schema\\\/logo\\\/image\\\/\"}}]}<\/script>\n<!-- \/ Yoast SEO plugin. -->","yoast_head_json":{"title":"Janisch Insektenschutz Pliss\u00e9e","description":"F\u00fcr alle umweltfreundlichen Insektenschutzfragen sowie Gegebenheiten biete ich Ihnen den perfekten Insektenschutz nach Ma\u00df.","robots":{"index":"index","follow":"follow","max-snippet":"max-snippet:-1","max-image-preview":"max-image-preview:large","max-video-preview":"max-video-preview:-1"},"canonical":"https:\/\/www.janisch-insektenschutz.de\/index.php\/plissee\/","og_locale":"de_DE","og_type":"article","og_title":"Janisch Insektenschutz Pliss\u00e9e","og_description":"F\u00fcr alle umweltfreundlichen Insektenschutzfragen sowie Gegebenheiten biete ich Ihnen den perfekten Insektenschutz nach Ma\u00df.","og_url":"https:\/\/www.janisch-insektenschutz.de\/index.php\/plissee\/","og_site_name":"Janisch Insektenschutz J\u00fcchen","article_modified_time":"2024-03-21T13:26:21+00:00","og_image":[{"width":1920,"height":950,"url":"https:\/\/www.janisch-insektenschutz.de\/wp-content\/uploads\/2024\/03\/3.jpg","type":"image\/jpeg"}],"twitter_card":"summary_large_image","twitter_misc":{"Gesch\u00e4tzte Lesezeit":"2\u00a0Minuten"},"schema":{"@context":"https:\/\/schema.org","@graph":[{"@type":"WebPage","@id":"https:\/\/www.janisch-insektenschutz.de\/index.php\/plissee\/","url":"https:\/\/www.janisch-insektenschutz.de\/index.php\/plissee\/","name":"Janisch Insektenschutz Pliss\u00e9e","isPartOf":{"@id":"\/#website"},"primaryImageOfPage":{"@id":"https:\/\/www.janisch-insektenschutz.de\/index.php\/plissee\/#primaryimage"},"image":{"@id":"https:\/\/www.janisch-insektenschutz.de\/index.php\/plissee\/#primaryimage"},"thumbnailUrl":"https:\/\/www.janisch-insektenschutz.de\/wp-content\/uploads\/2024\/03\/3.jpg","datePublished":"2024-03-12T08:42:05+00:00","dateModified":"2024-03-21T13:26:21+00:00","description":"F\u00fcr alle umweltfreundlichen Insektenschutzfragen sowie Gegebenheiten biete ich Ihnen den perfekten Insektenschutz nach Ma\u00df.","breadcrumb":{"@id":"https:\/\/www.janisch-insektenschutz.de\/index.php\/plissee\/#breadcrumb"},"inLanguage":"de","potentialAction":[{"@type":"ReadAction","target":["https:\/\/www.janisch-insektenschutz.de\/index.php\/plissee\/"]}]},{"@type":"ImageObject","inLanguage":"de","@id":"https:\/\/www.janisch-insektenschutz.de\/index.php\/plissee\/#primaryimage","url":"https:\/\/www.janisch-insektenschutz.de\/wp-content\/uploads\/2024\/03\/3.jpg","contentUrl":"https:\/\/www.janisch-insektenschutz.de\/wp-content\/uploads\/2024\/03\/3.jpg","width":1920,"height":950},{"@type":"BreadcrumbList","@id":"https:\/\/www.janisch-insektenschutz.de\/index.php\/plissee\/#breadcrumb","itemListElement":[{"@type":"ListItem","position":1,"name":"Startseite","item":"https:\/\/www.janisch-insektenschutz.de\/"},{"@type":"ListItem","position":2,"name":"Pliss\u00e9e"}]},{"@type":"WebSite","@id":"\/#website","url":"\/","name":"Janisch Insektenschutz J\u00fcchen","description":"Insektenschutz nach Ma\u00df","publisher":{"@id":"\/#organization"},"potentialAction":[{"@type":"SearchAction","target":{"@type":"EntryPoint","urlTemplate":"\/?s={search_term_string}"},"query-input":{"@type":"PropertyValueSpecification","valueRequired":true,"valueName":"search_term_string"}}],"inLanguage":"de"},{"@type":"Organization","@id":"\/#organization","name":"Janisch Insektenschutz J\u00fcchen","url":"\/","logo":{"@type":"ImageObject","inLanguage":"de","@id":"\/#\/schema\/logo\/image\/","url":"https:\/\/www.janisch-insektenschutz.de\/wp-content\/uploads\/2024\/03\/Janisch_Logo.png","contentUrl":"https:\/\/www.janisch-insektenschutz.de\/wp-content\/uploads\/2024\/03\/Janisch_Logo.png","width":650,"height":150,"caption":"Janisch Insektenschutz J\u00fcchen"},"image":{"@id":"\/#\/schema\/logo\/image\/"}}]}},"_links":{"self":[{"href":"https:\/\/www.janisch-insektenschutz.de\/index.php\/wp-json\/wp\/v2\/pages\/54","targetHints":{"allow":["GET"]}}],"collection":[{"href":"https:\/\/www.janisch-insektenschutz.de\/index.php\/wp-json\/wp\/v2\/pages"}],"about":[{"href":"https:\/\/www.janisch-insektenschutz.de\/index.php\/wp-json\/wp\/v2\/types\/page"}],"author":[{"embeddable":true,"href":"https:\/\/www.janisch-insektenschutz.de\/index.php\/wp-json\/wp\/v2\/users\/1"}],"replies":[{"embeddable":true,"href":"https:\/\/www.janisch-insektenschutz.de\/index.php\/wp-json\/wp\/v2\/comments?post=54"}],"version-history":[{"count":13,"href":"https:\/\/www.janisch-insektenschutz.de\/index.php\/wp-json\/wp\/v2\/pages\/54\/revisions"}],"predecessor-version":[{"id":1119,"href":"https:\/\/www.janisch-insektenschutz.de\/index.php\/wp-json\/wp\/v2\/pages\/54\/revisions\/1119"}],"wp:featuredmedia":[{"embeddable":true,"href":"https:\/\/www.janisch-insektenschutz.de\/index.php\/wp-json\/wp\/v2\/media\/997"}],"wp:attachment":[{"href":"https:\/\/www.janisch-insektenschutz.de\/index.php\/wp-json\/wp\/v2\/media?parent=54"}],"curies":[{"name":"wp","href":"https:\/\/api.w.org\/{rel}","templated":true}]}}